{"id":5252,"date":"2024-01-21T16:05:58","date_gmt":"2024-01-21T16:05:58","guid":{"rendered":"https:\/\/nueva.caesasl.com\/personalizar-cookies\/"},"modified":"2024-05-06T10:40:42","modified_gmt":"2024-05-06T10:40:42","slug":"personalizar-cookies","status":"publish","type":"page","link":"https:\/\/gifadi.es\/ar\/\u062a\u062e\u0635\u064a\u0635-\u0645\u0644\u0641\u0627\u062a-\u062a\u0639\u0631\u064a\u0641-\u0627\u0644\u0627\u0631\u062a\u0628\u0627\u0637\/","title":{"rendered":"\u062a\u062e\u0635\u064a\u0635 \u0645\u0644\u0641\u0627\u062a \u062a\u0639\u0631\u064a\u0641 \u0627\u0644\u0627\u0631\u062a\u0628\u0627\u0637"},"content":{"rendered":"<div>\n      <div id=\"custom-cookies-eu-label\">\n          \u064a\u0633\u062a\u062e\u062f\u0645 \u0645\u0648\u0642\u0639 \u0627\u0644\u0648\u064a\u0628 https:\/\/gifadi.es \u0645\u0644\u0641\u0627\u062a \u062a\u0639\u0631\u064a\u0641 \u0627\u0644\u0627\u0631\u062a\u0628\u0627\u0637 \u0627\u0644\u062e\u0627\u0635\u0629 \u0628\u0647 \u0648\u0627\u0644\u062c\u0647\u0627\u062a \u0627\u0644\u062e\u0627\u0631\u062c\u064a\u0629 \u0644\u062a\u0634\u063a\u064a\u0644\u0647 \u0628\u0634\u0643\u0644 \u0635\u062d\u064a\u062d \u0648\u0644\u0623\u063a\u0631\u0627\u0636 \u062a\u062d\u0644\u064a\u0644\u064a\u0629. \u0628\u0627\u0644\u0646\u0642\u0631 \u0641\u0648\u0642 \u0627\u0644\u0632\u0631 &quot;\u0642\u0628\u0648\u0644&quot;\u060c \u0641\u0625\u0646\u0643 \u062a\u0648\u0627\u0641\u0642 \u0639\u0644\u0649 \u0627\u0633\u062a\u062e\u062f\u0627\u0645 \u0647\u0630\u0647 \u0627\u0644\u062a\u0642\u0646\u064a\u0627\u062a \u0648\u0645\u0639\u0627\u0644\u062c\u0629 \u0628\u064a\u0627\u0646\u0627\u062a\u0643 \u0644\u0647\u0630\u0647 \u0627\u0644\u0623\u063a\u0631\u0627\u0636.          \n\n      <\/div>\n\n      <div id=\"custom-cookies-eu-buttons\" class=\"cookies-eu-buttons\">\n        <button id=\"custom-cookies-eu-reject\" class=\"cookies-eu-reject\">\u0627\u0646\u062e\u0641\u0627\u0636<\/button>\n        <button id=\"custom-cookies-eu-accept\" class=\"cookies-eu-accept\">\u0642\u0628\u0648\u0644 \u062c\u0645\u064a\u0639 \u0645\u0644\u0641\u0627\u062a \u062a\u0639\u0631\u064a\u0641 \u0627\u0644\u0627\u0631\u062a\u0628\u0627\u0637<\/button><\/div>\n      <\/div>\n\n<br\/>\n<p>\n\t\u064a\u0645\u0643\u0646\u0643 \u062a\u063a\u064a\u064a\u0631 \u062a\u0641\u0636\u064a\u0644\u0627\u062a \u0645\u0644\u0641\u0627\u062a \u062a\u0639\u0631\u064a\u0641 \u0627\u0644\u0627\u0631\u062a\u0628\u0627\u0637 \u0627\u0644\u062e\u0627\u0635\u0629 \u0628\u0643 \u0641\u064a \u0623\u064a \u0648\u0642\u062a \u0639\u0646 \u0637\u0631\u064a\u0642 \u0627\u0644\u0639\u0648\u062f\u0629 \u0625\u0644\u0649 \u0635\u0641\u062d\u0629 \u062a\u062e\u0635\u064a\u0635 \u0645\u0644\u0641\u0627\u062a \u062a\u0639\u0631\u064a\u0641 \u0627\u0644\u0627\u0631\u062a\u0628\u0627\u0637\u060c \u0648\u0627\u0644\u062a\u064a \u064a\u0645\u0643\u0646\u0643 \u0627\u0644\u0648\u0635\u0648\u0644 \u0625\u0644\u064a\u0647\u0627 \u0645\u0646 \u062e\u0644\u0627\u0644 \u0625\u0634\u0639\u0627\u0631 \u0645\u0644\u0641\u0627\u062a \u062a\u0639\u0631\u064a\u0641 \u0627\u0644\u0627\u0631\u062a\u0628\u0627\u0637. \u0644\u0645\u0632\u064a\u062f \u0645\u0646 \u0627\u0644\u0645\u0639\u0644\u0648\u0645\u0627\u062a \u062d\u0648\u0644 \u0645\u0644\u0641\u0627\u062a \u062a\u0639\u0631\u064a\u0641 \u0627\u0644\u0627\u0631\u062a\u0628\u0627\u0637 \u0648\u0643\u064a\u0641\u064a\u0629 \u0627\u0633\u062a\u062e\u062f\u0627\u0645\u0647\u0627\u060c \u0631\u0627\u062c\u0639 <a href=\"https:\/\/gifadi.es\/ar\/\u0627\u062a\u0641\u0627\u0642\u064a\u0629-\u0645\u0644\u0641\u0627\u062a-\u062a\u0639\u0631\u064a\u0641-\u0627\u0644\u0627\u0631\u062a\u0628\u0627\u0637\/\">\u0627\u062a\u0641\u0627\u0642\u064a\u0629 \u0645\u0644\u0641\u0627\u062a \u062a\u0639\u0631\u064a\u0641 \u0627\u0644\u0627\u0631\u062a\u0628\u0627\u0637<\/a>.\n<\/p>\n\n<h3>\u0645\u0644\u0641\u0627\u062a \u062a\u0639\u0631\u064a\u0641 \u0627\u0644\u0627\u0631\u062a\u0628\u0627\u0637 \u0627\u0644\u062a\u0642\u0646\u064a\u0629<\/h3>\n<p>\n\t\u0648\u0647\u064a \u062a\u0644\u0643 \u0627\u0644\u062a\u064a \u062a\u0633\u0645\u062d \u0644\u0644\u0645\u0633\u062a\u062e\u062f\u0645\u064a\u0646 \u0627\u0644\u0645\u0633\u062c\u0644\u064a\u0646 \u0628\u0627\u0644\u062a\u0646\u0642\u0644 \u0639\u0628\u0631 \u0627\u0644\u0645\u0648\u0642\u0639 \u0627\u0644\u0625\u0644\u0643\u062a\u0631\u0648\u0646\u064a \u0648\u0627\u0644\u0645\u0646\u0637\u0642\u0629 \u0627\u0644\u0645\u062d\u0638\u0648\u0631\u0629 \u0648\u0627\u0633\u062a\u062e\u062f\u0627\u0645 \u0648\u0638\u0627\u0626\u0641\u0647 \u0627\u0644\u0645\u062e\u062a\u0644\u0641\u0629\u060c \u0645\u062b\u0644 \u0646\u0638\u0627\u0645 \u0627\u0644\u062a\u0639\u0644\u064a\u0642 \u0623\u0648 \u0645\u062d\u0631\u0643 \u0627\u0644\u0628\u062d\u062b\u060c \u0648\u0644\u0627 \u064a\u0645\u0643\u0646 \u0625\u0644\u063a\u0627\u0621 \u062a\u0646\u0634\u064a\u0637\u0647\u0627.\n<\/p>\n\n<div class=\"custom-cookies-option\">\n  <h3>\u0645\u0644\u0641\u0627\u062a \u062a\u0639\u0631\u064a\u0641 \u0627\u0644\u0627\u0631\u062a\u0628\u0627\u0637 \u0644\u0644\u062a\u062d\u0644\u064a\u0644 \u0623\u0648 \u0627\u0644\u0642\u064a\u0627\u0633<\/h3>\n  <span>\n    <input type=\"radio\" name=\"cookies-analytics-option\" value=\"true\" class=\"custom-cookies-radio\" data-consent=\"ANLTCS\" id=\"custom-cookies-accept-analytics\" >\n    <label for=\"custom-cookies-accept-analytics\">\u062a\u0641\u0639\u064a\u0644<\/label>\n    &nbsp;&nbsp;\n    <input type=\"radio\" name=\"cookies-analytics-option\" value=\"false\" class=\"custom-cookies-radio\" data-consent=\"ANLTCS\" id=\"custom-cookies-reject-analytics\" \n    checked>\n    <label for=\"custom-cookies-reject-analytics\">\u0625\u0644\u063a\u0627\u0621 \u0627\u0644\u062a\u0646\u0634\u064a\u0637<\/label>\n<\/span>\n<\/div>\n\n<p>\n\t\u0648\u0647\u064a \u062a\u0644\u0643 \u0627\u0644\u062a\u064a\u060c \u0633\u0648\u0627\u0621 \u062a\u0645 \u0627\u0644\u062a\u0639\u0627\u0645\u0644 \u0645\u0639\u0647\u0627 \u0645\u0646 \u0642\u0628\u0644 \u0645\u0648\u0642\u0639 \u0627\u0644\u0648\u064a\u0628 \u0623\u0648 \u0645\u0646 \u0642\u0628\u0644 \u0623\u0637\u0631\u0627\u0641 \u062b\u0627\u0644\u062b\u0629\u060c \u062a\u0633\u0645\u062d \u0628\u062a\u062d\u062f\u064a\u062f \u0639\u062f\u062f \u0627\u0644\u0645\u0633\u062a\u062e\u062f\u0645\u064a\u0646 \u0648\u0628\u0627\u0644\u062a\u0627\u0644\u064a \u0625\u062c\u0631\u0627\u0621 \u0627\u0644\u0642\u064a\u0627\u0633 \u0648\u0627\u0644\u062a\u062d\u0644\u064a\u0644 \u0627\u0644\u0625\u062d\u0635\u0627\u0626\u064a \u0644\u0644\u0627\u0633\u062a\u062e\u062f\u0627\u0645 \u0627\u0644\u0630\u064a \u0642\u0627\u0645 \u0628\u0647 \u0645\u0633\u062a\u062e\u062f\u0645\u0648 \u0627\u0644\u0645\u0648\u0642\u0639. \u0644\u0644\u0642\u064a\u0627\u0645 \u0628\u0630\u0644\u0643\u060c \u064a\u062a\u0645 \u062a\u062d\u0644\u064a\u0644 \u0627\u0644\u062a\u0646\u0642\u0644 \u0627\u0644\u062e\u0627\u0635 \u0628\u0643 \u0639\u0644\u0649 \u0647\u0630\u0627 \u0627\u0644\u0645\u0648\u0642\u0639 \u0645\u0646 \u0623\u062c\u0644 \u062a\u062d\u0633\u064a\u0646\u0647.\n<\/p>\n\n<div class=\"custom-cookies-option\">\n  <h3>\u0645\u0644\u0641\u0627\u062a \u062a\u0639\u0631\u064a\u0641 \u0627\u0644\u0627\u0631\u062a\u0628\u0627\u0637 \u0627\u0644\u0627\u062c\u062a\u0645\u0627\u0639\u064a\u0629<\/h3>\n  <span>\n    <input type=\"radio\" name=\"cookies-social-option\" value=\"true\" class=\"custom-cookies-radio\" data-consent=\"SCLS\" id=\"custom-cookies-accept-social\" \n    >\n    <label for=\"custom-cookies-accept-social\">\u062a\u0641\u0639\u064a\u0644<\/label>\n    &nbsp;&nbsp;\n    <input type=\"radio\" name=\"cookies-social-option\" value=\"false\" class=\"custom-cookies-radio\" data-consent=\"SCLS\" id=\"custom-cookies-reject-social\" \n    checked>\n    <label for=\"custom-cookies-reject-social\">\u0625\u0644\u063a\u0627\u0621 \u0627\u0644\u062a\u0646\u0634\u064a\u0637<\/label>\n<\/span>\n<\/div>\n\n<p>\n  \u064a\u062a\u0645 \u0625\u0646\u0634\u0627\u0624\u0647\u0627 \u0628\u0648\u0627\u0633\u0637\u0629 \u0645\u0646\u0635\u0627\u062a \u0627\u0644\u0648\u0633\u0627\u0626\u0637 \u0627\u0644\u0627\u062c\u062a\u0645\u0627\u0639\u064a\u0629 \u0644\u0644\u0633\u0645\u0627\u062d \u0644\u0644\u0645\u0633\u062a\u062e\u062f\u0645\u064a\u0646 \u0628\u0645\u0634\u0627\u0631\u0643\u0629 \u0627\u0644\u0645\u062d\u062a\u0648\u0649 \u0645\u0639 \u0623\u0635\u062f\u0642\u0627\u0626\u0647\u0645 \u0648\u0634\u0628\u0643\u0627\u062a\u0647\u0645.  \n<\/p>","protected":false},"excerpt":{"rendered":"<p>\u064a\u0633\u062a\u062e\u062f\u0645 \u0645\u0648\u0642\u0639 \u0627\u0644\u0648\u064a\u0628 https:\/\/gifadi.es \u0645\u0644\u0641\u0627\u062a \u062a\u0639\u0631\u064a\u0641 \u0627\u0644\u0627\u0631\u062a\u0628\u0627\u0637 \u0627\u0644\u062e\u0627\u0635\u0629 \u0628\u0647 \u0648\u0627\u0644\u062c\u0647\u0627\u062a \u0627\u0644\u062e\u0627\u0631\u062c\u064a\u0629 \u0644\u062a\u0634\u063a\u064a\u0644\u0647 \u0628\u0634\u0643\u0644 \u0635\u062d\u064a\u062d \u0648\u0644\u0623\u063a\u0631\u0627\u0636 \u062a\u062d\u0644\u064a\u0644\u064a\u0629. \u0628\u0627\u0644\u0646\u0642\u0631 \u0641\u0648\u0642 \u0627\u0644\u0632\u0631 &quot;\u0642\u0628\u0648\u0644&quot;\u060c \u0641\u0625\u0646\u0643 \u062a\u0648\u0627\u0641\u0642 \u0639\u0644\u0649 \u0627\u0633\u062a\u062e\u062f\u0627\u0645 \u0647\u0630\u0647 \u0627\u0644\u062a\u0642\u0646\u064a\u0627\u062a \u0648\u0645\u0639\u0627\u0644\u062c\u0629 \u0628\u064a\u0627\u0646\u0627\u062a\u0643 \u0644\u0647\u0630\u0647 \u0627\u0644\u0623\u063a\u0631\u0627\u0636. \u0631\u0641\u0636 \u0642\u0628\u0648\u0644 \u062c\u0645\u064a\u0639 \u0645\u0644\u0641\u0627\u062a \u062a\u0639\u0631\u064a\u0641 \u0627\u0644\u0627\u0631\u062a\u0628\u0627\u0637 \u064a\u0645\u0643\u0646\u0643 \u062a\u063a\u064a\u064a\u0631 \u062a\u0641\u0636\u064a\u0644\u0627\u062a\u0643<\/p>","protected":false},"author":1,"featured_media":0,"parent":0,"menu_order":13,"comment_status":"closed","ping_status":"closed","template":"","meta":{"inline_featured_image":false,"footnotes":""},"class_list":["post-5252","page","type-page","status-publish","hentry"],"yoast_head":"<!-- This site is optimized with the Yoast SEO Premium plugin v21.8 (Yoast SEO v26.4) - https:\/\/yoast.com\/wordpress\/plugins\/seo\/ -->\n<title>Personalizar Cookies - Gifadi<\/title>\n<meta name=\"robots\" content=\"index, follow, max-snippet:-1, max-image-preview:large, max-video-preview:-1\" \/>\n<link rel=\"canonical\" href=\"https:\/\/gifadi.es\/ar\/\u062a\u062e\u0635\u064a\u0635-\u0645\u0644\u0641\u0627\u062a-\u062a\u0639\u0631\u064a\u0641-\u0627\u0644\u0627\u0631\u062a\u0628\u0627\u0637\/\" \/>\n<meta property=\"og:locale\" content=\"ar_AR\" \/>\n<meta property=\"og:type\" content=\"article\" \/>\n<meta property=\"og:title\" content=\"Personalizar Cookies\" \/>\n<meta property=\"og:description\" content=\"El sitio Web https:\/\/gifadi.es utiliza cookies propias y de terceros para su correcto funcionamiento y para fines anal\u00edticos. Al hacer clic en el bot\u00f3n Aceptar, acepta el uso de estas tecnolog\u00edas y el procesamiento de sus datos para estos prop\u00f3sitos. Rechazar ACEPTAR TODAS LAS COOKIES Puedes cambiar tus preferencias de\" \/>\n<meta property=\"og:url\" content=\"https:\/\/gifadi.es\/ar\/\u062a\u062e\u0635\u064a\u0635-\u0645\u0644\u0641\u0627\u062a-\u062a\u0639\u0631\u064a\u0641-\u0627\u0644\u0627\u0631\u062a\u0628\u0627\u0637\/\" \/>\n<meta property=\"og:site_name\" content=\"Gifadi\" \/>\n<meta property=\"article:modified_time\" content=\"2024-05-06T10:40:42+00:00\" \/>\n<meta name=\"twitter:card\" content=\"summary_large_image\" \/>\n<!-- \/ Yoast SEO Premium plugin. -->","yoast_head_json":{"title":"\u062a\u062e\u0635\u064a\u0635 \u0645\u0644\u0641\u0627\u062a \u062a\u0639\u0631\u064a\u0641 \u0627\u0644\u0627\u0631\u062a\u0628\u0627\u0637 - \u062c\u064a\u0641\u0627\u062f\u064a","robots":{"index":"index","follow":"follow","max-snippet":"max-snippet:-1","max-image-preview":"max-image-preview:large","max-video-preview":"max-video-preview:-1"},"canonical":"https:\/\/gifadi.es\/ar\/\u062a\u062e\u0635\u064a\u0635-\u0645\u0644\u0641\u0627\u062a-\u062a\u0639\u0631\u064a\u0641-\u0627\u0644\u0627\u0631\u062a\u0628\u0627\u0637\/","og_locale":"ar_AR","og_type":"article","og_title":"Personalizar Cookies","og_description":"El sitio Web https:\/\/gifadi.es utiliza cookies propias y de terceros para su correcto funcionamiento y para fines anal\u00edticos. Al hacer clic en el bot\u00f3n Aceptar, acepta el uso de estas tecnolog\u00edas y el procesamiento de sus datos para estos prop\u00f3sitos. Rechazar ACEPTAR TODAS LAS COOKIES Puedes cambiar tus preferencias de","og_url":"https:\/\/gifadi.es\/ar\/\u062a\u062e\u0635\u064a\u0635-\u0645\u0644\u0641\u0627\u062a-\u062a\u0639\u0631\u064a\u0641-\u0627\u0644\u0627\u0631\u062a\u0628\u0627\u0637\/","og_site_name":"Gifadi","article_modified_time":"2024-05-06T10:40:42+00:00","twitter_card":"summary_large_image","schema":{"@context":"https:\/\/schema.org","@graph":[{"@type":"WebPage","@id":"https:\/\/gifadi.es\/personalizar-cookies\/","url":"https:\/\/gifadi.es\/personalizar-cookies\/","name":"\u062a\u062e\u0635\u064a\u0635 \u0645\u0644\u0641\u0627\u062a \u062a\u0639\u0631\u064a\u0641 \u0627\u0644\u0627\u0631\u062a\u0628\u0627\u0637 - \u062c\u064a\u0641\u0627\u062f\u064a","isPartOf":{"@id":"https:\/\/gifadi.es\/#website"},"datePublished":"2024-01-21T16:05:58+00:00","dateModified":"2024-05-06T10:40:42+00:00","breadcrumb":{"@id":"https:\/\/gifadi.es\/personalizar-cookies\/#breadcrumb"},"inLanguage":"ary","potentialAction":[{"@type":"ReadAction","target":["https:\/\/gifadi.es\/personalizar-cookies\/"]}]},{"@type":"BreadcrumbList","@id":"https:\/\/gifadi.es\/personalizar-cookies\/#breadcrumb","itemListElement":[{"@type":"ListItem","position":1,"name":"Portada","item":"https:\/\/gifadi.es\/"},{"@type":"ListItem","position":2,"name":"Personalizar Cookies"}]},{"@type":"WebSite","@id":"https:\/\/gifadi.es\/#website","url":"https:\/\/gifadi.es\/","name":"\u062c\u064a\u0641\u0627\u062f\u064a","description":"\u0645\u0648\u0632\u0639 \u0627\u0644\u0623\u0633\u0645\u062f\u0629 \u0648\u0627\u0644\u0635\u062d\u0629 \u0627\u0644\u0646\u0628\u0627\u062a\u064a\u0629","potentialAction":[{"@type":"SearchAction","target":{"@type":"EntryPoint","urlTemplate":"https:\/\/gifadi.es\/?s={search_term_string}"},"query-input":{"@type":"PropertyValueSpecification","valueRequired":true,"valueName":"search_term_string"}}],"inLanguage":"ary"}]}},"_links":{"self":[{"href":"https:\/\/gifadi.es\/ar\/wp-json\/wp\/v2\/pages\/5252","targetHints":{"allow":["GET"]}}],"collection":[{"href":"https:\/\/gifadi.es\/ar\/wp-json\/wp\/v2\/pages"}],"about":[{"href":"https:\/\/gifadi.es\/ar\/wp-json\/wp\/v2\/types\/page"}],"author":[{"embeddable":true,"href":"https:\/\/gifadi.es\/ar\/wp-json\/wp\/v2\/users\/1"}],"replies":[{"embeddable":true,"href":"https:\/\/gifadi.es\/ar\/wp-json\/wp\/v2\/comments?post=5252"}],"version-history":[{"count":0,"href":"https:\/\/gifadi.es\/ar\/wp-json\/wp\/v2\/pages\/5252\/revisions"}],"wp:attachment":[{"href":"https:\/\/gifadi.es\/ar\/wp-json\/wp\/v2\/media?parent=5252"}],"curies":[{"name":"\u0648\u0648\u0631\u062f\u0628\u0631\u064a\u0633","href":"https:\/\/api.w.org\/{rel}","templated":true}]}}