{"id":6756,"date":"2024-06-02T13:36:24","date_gmt":"2024-06-02T13:36:24","guid":{"rendered":"https:\/\/gifadi.es\/?page_id=6756"},"modified":"2024-06-02T14:01:07","modified_gmt":"2024-06-02T14:01:07","slug":"trabaja-con-nosotros","status":"publish","type":"page","link":"https:\/\/gifadi.es\/en\/work-with-us\/","title":{"rendered":"Work with us"},"content":{"rendered":"<div data-elementor-type=\"wp-page\" data-elementor-id=\"6756\" class=\"elementor elementor-6756\" data-elementor-post-type=\"page\">\n\t\t\t\t\t\t<section class=\"elementor-section elementor-top-section elementor-element elementor-element-ee7f253 elementor-section-boxed elementor-section-height-default elementor-section-height-default\" data-id=\"ee7f253\" data-element_type=\"section\" data-settings=\"{&quot;background_background&quot;:&quot;classic&quot;}\">\n\t\t\t\t\t\t\t<div class=\"elementor-background-overlay\"><\/div>\n\t\t\t\t\t\t\t<div class=\"elementor-container elementor-column-gap-default\">\n\t\t\t\t\t<div class=\"elementor-column elementor-col-50 elementor-top-column elementor-element elementor-element-4583123\" data-id=\"4583123\" data-element_type=\"column\">\n\t\t\t<div class=\"elementor-widget-wrap elementor-element-populated\">\n\t\t\t\t\t\t<div class=\"elementor-element elementor-element-f7e30bb elementor-widget elementor-widget-image\" data-id=\"f7e30bb\" data-element_type=\"widget\" data-widget_type=\"image.default\">\n\t\t\t\t<div class=\"elementor-widget-container\">\n\t\t\t\t\t\t\t\t\t\t\t\t\t\t\t<img fetchpriority=\"high\" decoding=\"async\" width=\"512\" height=\"512\" src=\"https:\/\/gifadi.es\/wp-content\/uploads\/2024\/02\/cropped-favicongifadi.png\" class=\"attachment-full size-full wp-image-5499\" alt=\"\" srcset=\"https:\/\/gifadi.es\/wp-content\/uploads\/2024\/02\/cropped-favicongifadi.png 512w, https:\/\/gifadi.es\/wp-content\/uploads\/2024\/02\/cropped-favicongifadi-300x300.png 300w, https:\/\/gifadi.es\/wp-content\/uploads\/2024\/02\/cropped-favicongifadi-150x150.png 150w, https:\/\/gifadi.es\/wp-content\/uploads\/2024\/02\/cropped-favicongifadi-70x70.png 70w, https:\/\/gifadi.es\/wp-content\/uploads\/2024\/02\/cropped-favicongifadi-270x270.png 270w, https:\/\/gifadi.es\/wp-content\/uploads\/2024\/02\/cropped-favicongifadi-192x192.png 192w, https:\/\/gifadi.es\/wp-content\/uploads\/2024\/02\/cropped-favicongifadi-180x180.png 180w, https:\/\/gifadi.es\/wp-content\/uploads\/2024\/02\/cropped-favicongifadi-32x32.png 32w\" sizes=\"(max-width: 512px) 100vw, 512px\" \/>\t\t\t\t\t\t\t\t\t\t\t\t\t\t\t<\/div>\n\t\t\t\t<\/div>\n\t\t\t\t<div class=\"elementor-element elementor-element-da9fa74 heading-default elementor-widget elementor-widget-mae-headings\" data-id=\"da9fa74\" data-element_type=\"widget\" data-widget_type=\"mae-headings.default\">\n\t\t\t\t<div class=\"elementor-widget-container\">\n\t\t\t\t\t\t\t<div class=\"master-heading sep-none\">\n\t\t\t\t\t\t\t        \n\t        \n\t        \t        <h2 class=\"main-heading\">We are constantly expanding our team and we would like to know more about you.<\/h2>\n\t        \n\t        \n\t        \t            <div class=\"sub-heading\">Complete the form below with all relevant data. We promise to carefully review your information and respond promptly. We are dedicated to providing you with exceptional service and resolving all of your concerns.<\/div>\n\t        \t    <\/div>\n\t    \t\t\t\t<\/div>\n\t\t\t\t<\/div>\n\t\t\t\t\t<\/div>\n\t\t<\/div>\n\t\t\t\t<div class=\"elementor-column elementor-col-50 elementor-top-column elementor-element elementor-element-70281eb\" data-id=\"70281eb\" data-element_type=\"column\" data-settings=\"{&quot;background_background&quot;:&quot;classic&quot;}\">\n\t\t\t<div class=\"elementor-widget-wrap elementor-element-populated\">\n\t\t\t\t\t\t<div class=\"elementor-element elementor-element-287963d fluentform-widget-submit-button-left fluent-form-widget-step-header-yes fluent-form-widget-step-progressbar-yes fluentform-widget-submit-button-custom elementor-widget elementor-widget-fluent-form-widget\" data-id=\"287963d\" data-element_type=\"widget\" data-widget_type=\"fluent-form-widget.default\">\n\t\t\t\t<div class=\"elementor-widget-container\">\n\t\t\t\t\t\n            <div class=\"fluentform-widget-wrapper fluentform-widget-align-default\">\n\n            \n            <div class='fluentform ff-default fluentform_wrapper_4 ffs_default_wrap'><form data-form_id=\"4\" id=\"fluentform_4\" class=\"frm-fluent-form fluent_form_4 ff-el-form-top ff_form_instance_4_1 ff-form-loading ffs_default\" data-form_instance=\"ff_form_instance_4_1\" method=\"POST\" action=\"\" ><fieldset  style=\"border: none!important;margin: 0!important;padding: 0!important;background-color: transparent!important;box-shadow: none!important;outline: none!important; min-inline-size: 100%;\">\n                    <legend class=\"ff_screen_reader_title\" style=\"display: block; margin: 0!important;padding: 0!important;height: 0!important;text-indent: -999999px;width: 0!important;overflow:hidden;\">CV<\/legend><input type='hidden' name='__fluent_form_embded_post_id' value='1049' \/><input type=\"hidden\" id=\"_fluentform_4_fluentformnonce\" name=\"_fluentform_4_fluentformnonce\" value=\"6b46e3a502\" \/><input type=\"hidden\" name=\"_wp_http_referer\" value=\"\/en\/wp-json\/wp\/v2\/pages\/6756\" \/><div data-name=\"ff_cn_id_1\"  class='ff-t-container ff-column-container ff_columns_total_2'><div class='ff-t-cell ff-t-column-1' style='flex-basis: 50%;'><div data-type=\"name-element\" data-name=\"names\" class=\"ff-field_container ff-name-field-wrapper\" ><div class='ff-t-container'><div class='ff-t-cell'><div class='ff-el-group  ff-el-form-hide_label'><div class=\"ff-el-input--label ff-el-is-required asterisk-right\"><label for='ff_4_names_first_name_' id='label_ff_4_names_first_name_' >First Name<\/label><\/div><div class='ff-el-input--content'><input type=\"text\" name=\"names[first_name]\" id=\"ff_4_names_first_name_\" class=\"ff-el-form-control\" placeholder=\"Full name\" aria-invalid=\"false\" aria-required=\"true\"><\/div><\/div><\/div><\/div><\/div><\/div><div class='ff-t-cell ff-t-column-2' style='flex-basis: 50%;'><div class='ff-el-group ff-el-form-hide_label'><div class=\"ff-el-input--label ff-el-is-required asterisk-right\"><label for='ff_4_email' id='label_ff_4_email' aria-label=\"E-mail\">E-mail<\/label><\/div><div class='ff-el-input--content'><input type=\"email\" name=\"email\" id=\"ff_4_email\" class=\"ff-el-form-control\" placeholder=\"E-mail\" data-name=\"email\"  aria-invalid=\"false\" aria-required=\"true\"><\/div><\/div><\/div><\/div><div data-name=\"ff_cn_id_2\"  class='ff-t-container ff-column-container ff_columns_total_2'><div class='ff-t-cell ff-t-column-1' style='flex-basis: 50%;'><div class='ff-el-group ff-el-form-hide_label'><div class=\"ff-el-input--label ff-el-is-required asterisk-right\"><label for='ff_4_subject' id='label_ff_4_subject' aria-label=\"Place of residence\">Place of residence<\/label><\/div><div class='ff-el-input--content'><input type=\"text\" name=\"subject\" class=\"ff-el-form-control\" placeholder=\"Place of residence\" data-name=\"subject\" id=\"ff_4_subject\"  aria-invalid=\"false\" aria-required=\"true\"><\/div><\/div><\/div><div class='ff-t-cell ff-t-column-2' style='flex-basis: 50%;'><div class='ff-el-group ff-el-form-hide_label'><div class=\"ff-el-input--label ff-el-is-required asterisk-right\"><label for='ff_4_phone' id='label_ff_4_phone' aria-label=\"Phone\/Mobile\">Phone\/Mobile<\/label><\/div><div class='ff-el-input--content'><input name=\"phone\" class=\"ff-el-form-control ff-el-phone\" type=\"tel\" placeholder=\"Phone\" data-name=\"phone\" id=\"ff_4_phone\" inputmode=\"tel\"  aria-invalid='false' aria-required=\"true\"><\/div><\/div><\/div><\/div><div class='ff-el-group ff-el-form-hide_label'><div class=\"ff-el-input--label ff-el-is-required asterisk-right\"><label for='ff_4_message' id='label_ff_4_message' aria-label=\"Description\">Description<\/label><\/div><div class='ff-el-input--content'><textarea aria-required=\"true\" aria-labelledby=\"label_ff_4_message\" name=\"message\" id=\"ff_4_message\" class=\"ff-el-form-control\" placeholder=\"Here you can tell us a little more about yourself:\" rows=\"4\" cols=\"2\" data-name=\"message\" ><\/textarea><\/div><\/div><div class='ff-el-group'><div class=\"ff-el-input--label ff-el-is-required asterisk-right\"><label for='ff_4_file-upload_1' id='label_ff_4_file-upload_1' aria-label=\"Attach your CV here (required)\">Attach your CV here (required)<\/label><\/div><div class='ff-el-input--content'><label for='ff_4_file-upload_1' class='ff_file_upload_holder'><span class='ff_upload_btn ff-btn' tabindex='0'>Examine...<\/span> <input type=\"file\" name=\"file-upload\" id=\"ff_4_file-upload_1\" class=\"ff-el-form-control  ff-screen-reader-element\" data-name=\"file-upload\" multiple=\"1\"  aria-invalid='false' aria-required=\"true\"><\/label><\/div><\/div><div class='ff-el-group    ff-el-input--content'><div class='ff-el-form-check ff-el-tc'><label aria-label='Terms and Conditions: I have read and accepted the privacy policy. Contains 1 link. Use tab navigation to review.' class='ff-el-form-check-label ff_tc_label' for=\"terms-n-condition_c1714c62e8494e05d9f1022fbaf0b451\"><span class='ff_tc_checkbox'><input type=\"checkbox\" name=\"terms-n-condition\" class=\"ff-el-form-check-input\" data-name=\"terms-n-condition\" id=\"terms-n-condition_c1714c62e8494e05d9f1022fbaf0b451\"  value='on' aria-invalid='false' aria-required=\"true\"><\/span> <div class='ff_t_c'><p>I have read and accepted the <a href=\"https:\/\/gifadi.es\/en\/privacy-policy\/\">Privacy Policy<\/a>.<\/p><\/div><\/label><\/div><\/div><div class='ff-el-group' ><div class='ff-el-input--content'><div data-fluent_id='4' name='g-recaptcha-response'><div\n\t\tdata-sitekey='6LfrAu8pAAAAAAlv7J8sS1CEfebkQ8Vs-P_FlXzZ'\n\t\tid='fluentform-recaptcha-4-1'\n\t\tclass='ff-el-recaptcha g-recaptcha'\n\t\tdata-callback='fluentFormrecaptchaSuccessCallback'><\/div><\/div><\/div><\/div><div class='ff-el-group ff-text-left ff_submit_btn_wrapper'><button type=\"submit\" class=\"ff-btn ff-btn-submit ff-btn-md ff_btn_style\"  aria-label=\"Send\">Send<\/button><\/div><\/fieldset><input type=\"hidden\" name=\"trp-form-language\" value=\"en\"\/><\/form><div id='fluentform_4_errors' class='ff-errors-in-stack ff_form_instance_4_1 ff-form-loading_errors ff_form_instance_4_1_errors'><\/div><\/div>            <script type=\"text\/javascript\">\n                window.fluent_form_ff_form_instance_4_1 = {\"id\":\"4\",\"settings\":{\"layout\":{\"labelPlacement\":\"top\",\"helpMessagePlacement\":\"with_label\",\"errorMessagePlacement\":\"inline\",\"cssClassName\":\"\",\"asteriskPlacement\":\"asterisk-right\"},\"restrictions\":{\"denyEmptySubmission\":{\"enabled\":false}}},\"form_instance\":\"ff_form_instance_4_1\",\"form_id_selector\":\"fluentform_4\",\"rules\":{\"names[first_name]\":{\"required\":{\"value\":true,\"message\":\"Campo requerido\",\"global\":false,\"global_message\":\"Este campo es obligatorio\"}},\"names[middle_name]\":{\"required\":{\"value\":false,\"message\":\"This field is required\",\"global\":false,\"global_message\":\"Este campo es obligatorio\"}},\"names[last_name]\":{\"required\":{\"value\":false,\"message\":\"This field is required\",\"global\":false,\"global_message\":\"Este campo es obligatorio\"}},\"email\":{\"required\":{\"value\":true,\"message\":\"Campo requerido\",\"global\":false,\"global_message\":\"Este campo es obligatorio\"},\"email\":{\"value\":true,\"message\":\"This field must contain a valid email\",\"global\":false,\"global_message\":\"Este campo debe contener un correo electr\\u00f3nico v\\u00e1lido\"}},\"subject\":{\"required\":{\"value\":true,\"message\":\"This field is required\",\"global\":false,\"global_message\":\"Este campo es obligatorio\"}},\"phone\":{\"required\":{\"value\":true,\"message\":\"Campo requerido\",\"global\":false,\"global_message\":\"Este campo es obligatorio\"},\"valid_phone_number\":{\"value\":false,\"message\":\"Phone number is not valid\",\"global\":false,\"global_message\":\"Phone number is not valid\"}},\"message\":{\"required\":{\"value\":true,\"message\":\"Campo requerido\",\"global\":false,\"global_message\":\"Este campo es obligatorio\"}},\"file-upload\":{\"required\":{\"value\":true,\"message\":\"This field is required\",\"global_message\":\"Este campo es obligatorio\",\"global\":true},\"max_file_size\":{\"value\":3145728,\"_valueFrom\":\"MB\",\"message\":\"Validation fails for maximum file size\",\"global_message\":\"La validaci\\u00f3n falla por el tama\\u00f1o m\\u00e1ximo de archivo\",\"global\":true},\"max_file_count\":{\"value\":1,\"message\":\"Validation fails for maximum file count\",\"global_message\":\"La validaci\\u00f3n falla para el recuento m\\u00e1ximo de archivos\",\"global\":true},\"allowed_file_types\":{\"value\":[\"doc|ppt|pps|xls|mdb|docx|xlsx|pptx|odt|odp|ods|odg|odc|odb|odf|rtf|txt\",\"pdf\"],\"message\":\"Invalid file type\",\"global_message\":\"Tipo de archivo no v\\u00e1lido\",\"global\":true}},\"terms-n-condition\":{\"required\":{\"value\":true,\"message\":\"This field is required\",\"global_message\":\"Este campo es obligatorio\",\"global\":true}},\"g-recaptcha-response\":[]},\"debounce_time\":300};\n                            <\/script>\n                        <\/div>\n\n            \t\t\t\t<\/div>\n\t\t\t\t<\/div>\n\t\t\t\t\t<\/div>\n\t\t<\/div>\n\t\t\t\t\t<\/div>\n\t\t<\/section>\n\t\t\t\t<\/div>","protected":false},"excerpt":{"rendered":"<p>We are constantly expanding our team and we would like to know more about you. Complete the form below with all relevant data. We promise to carefully review your information and respond promptly. We are dedicated to providing you with exceptional service and resolving all of your concerns. CV First NameEmailPlace<\/p>","protected":false},"author":1,"featured_media":0,"parent":0,"menu_order":9,"comment_status":"closed","ping_status":"closed","template":"","meta":{"inline_featured_image":false,"footnotes":""},"class_list":["post-6756","page","type-page","status-publish","hentry"],"yoast_head":"<!-- This site is optimized with the Yoast SEO Premium plugin v21.8 (Yoast SEO v26.4) - https:\/\/yoast.com\/wordpress\/plugins\/seo\/ -->\n<title>Trabaja con nosotros - Gifadi<\/title>\n<meta name=\"robots\" content=\"index, follow, max-snippet:-1, max-image-preview:large, max-video-preview:-1\" \/>\n<link rel=\"canonical\" href=\"https:\/\/gifadi.es\/en\/work-with-us\/\" \/>\n<meta property=\"og:locale\" content=\"en_GB\" \/>\n<meta property=\"og:type\" content=\"article\" \/>\n<meta property=\"og:title\" content=\"Trabaja con nosotros\" \/>\n<meta property=\"og:description\" content=\"Constantemente estamos expandiendo nuestro equipo y nos gustar\u00eda saber m\u00e1s sobre ti. Completa el formulario a continuaci\u00f3n con todos los datos relevantes. Nosotros nos comprometemos a revisar cuidadosamente tu informaci\u00f3n y a responder prontamente. Estamos dedicados a proporcionarte un servicio excepcional y a resolver todas tus inquietudes. CV First NameEmailLugar\" \/>\n<meta property=\"og:url\" content=\"https:\/\/gifadi.es\/en\/work-with-us\/\" \/>\n<meta property=\"og:site_name\" content=\"Gifadi\" \/>\n<meta property=\"article:modified_time\" content=\"2024-06-02T14:01:07+00:00\" \/>\n<meta property=\"og:image\" content=\"https:\/\/gifadi.es\/wp-content\/uploads\/2024\/02\/cropped-favicongifadi.png\" \/>\n<meta name=\"twitter:card\" content=\"summary_large_image\" \/>\n<meta name=\"twitter:label1\" content=\"Estimated reading time\" \/>\n\t<meta name=\"twitter:data1\" content=\"1 minute\" \/>\n<!-- \/ Yoast SEO Premium plugin. -->","yoast_head_json":{"title":"Work with us - Gifadi","robots":{"index":"index","follow":"follow","max-snippet":"max-snippet:-1","max-image-preview":"max-image-preview:large","max-video-preview":"max-video-preview:-1"},"canonical":"https:\/\/gifadi.es\/en\/work-with-us\/","og_locale":"en_GB","og_type":"article","og_title":"Trabaja con nosotros","og_description":"Constantemente estamos expandiendo nuestro equipo y nos gustar\u00eda saber m\u00e1s sobre ti. Completa el formulario a continuaci\u00f3n con todos los datos relevantes. Nosotros nos comprometemos a revisar cuidadosamente tu informaci\u00f3n y a responder prontamente. Estamos dedicados a proporcionarte un servicio excepcional y a resolver todas tus inquietudes. CV First NameEmailLugar","og_url":"https:\/\/gifadi.es\/en\/work-with-us\/","og_site_name":"Gifadi","article_modified_time":"2024-06-02T14:01:07+00:00","og_image":[{"url":"https:\/\/gifadi.es\/wp-content\/uploads\/2024\/02\/cropped-favicongifadi.png","type":"","width":"","height":""}],"twitter_card":"summary_large_image","twitter_misc":{"Estimated reading time":"1 minute"},"schema":{"@context":"https:\/\/schema.org","@graph":[{"@type":"WebPage","@id":"https:\/\/gifadi.es\/trabaja-con-nosotros\/","url":"https:\/\/gifadi.es\/trabaja-con-nosotros\/","name":"Work with us - Gifadi","isPartOf":{"@id":"https:\/\/gifadi.es\/#website"},"primaryImageOfPage":{"@id":"https:\/\/gifadi.es\/trabaja-con-nosotros\/#primaryimage"},"image":{"@id":"https:\/\/gifadi.es\/trabaja-con-nosotros\/#primaryimage"},"thumbnailUrl":"https:\/\/gifadi.es\/wp-content\/uploads\/2024\/02\/cropped-favicongifadi.png","datePublished":"2024-06-02T13:36:24+00:00","dateModified":"2024-06-02T14:01:07+00:00","breadcrumb":{"@id":"https:\/\/gifadi.es\/trabaja-con-nosotros\/#breadcrumb"},"inLanguage":"en-GB","potentialAction":[{"@type":"ReadAction","target":["https:\/\/gifadi.es\/trabaja-con-nosotros\/"]}]},{"@type":"ImageObject","inLanguage":"en-GB","@id":"https:\/\/gifadi.es\/trabaja-con-nosotros\/#primaryimage","url":"https:\/\/gifadi.es\/wp-content\/uploads\/2024\/02\/cropped-favicongifadi.png","contentUrl":"https:\/\/gifadi.es\/wp-content\/uploads\/2024\/02\/cropped-favicongifadi.png"},{"@type":"BreadcrumbList","@id":"https:\/\/gifadi.es\/trabaja-con-nosotros\/#breadcrumb","itemListElement":[{"@type":"ListItem","position":1,"name":"Portada","item":"https:\/\/gifadi.es\/"},{"@type":"ListItem","position":2,"name":"Trabaja con nosotros"}]},{"@type":"WebSite","@id":"https:\/\/gifadi.es\/#website","url":"https:\/\/gifadi.es\/","name":"Gifadi","description":"Fertilizer and phytosanitary distributor","potentialAction":[{"@type":"SearchAction","target":{"@type":"EntryPoint","urlTemplate":"https:\/\/gifadi.es\/?s={search_term_string}"},"query-input":{"@type":"PropertyValueSpecification","valueRequired":true,"valueName":"search_term_string"}}],"inLanguage":"en-GB"}]}},"_links":{"self":[{"href":"https:\/\/gifadi.es\/en\/wp-json\/wp\/v2\/pages\/6756","targetHints":{"allow":["GET"]}}],"collection":[{"href":"https:\/\/gifadi.es\/en\/wp-json\/wp\/v2\/pages"}],"about":[{"href":"https:\/\/gifadi.es\/en\/wp-json\/wp\/v2\/types\/page"}],"author":[{"embeddable":true,"href":"https:\/\/gifadi.es\/en\/wp-json\/wp\/v2\/users\/1"}],"replies":[{"embeddable":true,"href":"https:\/\/gifadi.es\/en\/wp-json\/wp\/v2\/comments?post=6756"}],"version-history":[{"count":10,"href":"https:\/\/gifadi.es\/en\/wp-json\/wp\/v2\/pages\/6756\/revisions"}],"predecessor-version":[{"id":6768,"href":"https:\/\/gifadi.es\/en\/wp-json\/wp\/v2\/pages\/6756\/revisions\/6768"}],"wp:attachment":[{"href":"https:\/\/gifadi.es\/en\/wp-json\/wp\/v2\/media?parent=6756"}],"curies":[{"name":"wp","href":"https:\/\/api.w.org\/{rel}","templated":true}]}}