{"id":5249,"date":"2024-01-21T16:05:55","date_gmt":"2024-01-21T16:05:55","guid":{"rendered":"https:\/\/nueva.caesasl.com\/aviso-legal\/"},"modified":"2024-05-06T10:40:40","modified_gmt":"2024-05-06T10:40:40","slug":"aviso-legal","status":"publish","type":"page","link":"https:\/\/gifadi.es\/fr\/avis-juridique\/","title":{"rendered":"Avis juridique"},"content":{"rendered":"<h2>Identification et propri\u00e9t\u00e9<\/h2>\n\n<p>\n\t\tConform\u00e9ment \u00e0 l&#039;article 10 de la loi 34\/2002 du 11 juillet sur les services de la soci\u00e9t\u00e9 de l&#039;information et du commerce \u00e9lectronique, le propri\u00e9taire expose ses donn\u00e9es d&#039;identification\u00a0:\n<\/p>\n\n<p>\n\t<ul>\t\t\n\t\t<li>\n\t\t\t<b>Gros titre:<\/b>&nbsp;\t\t\n\t\t\tGifadi Engrais SA.\n\t\t\t\n\t\t<\/li>\n\t\t\n\t\t<li>\n\t\t\t<b>NIF\u00a0:<\/b>&nbsp;A30729750\n\t\t\t\n\t\t<\/li>\n\n\n\t\t<li>\n\t\t\t<b>Maison:<\/b>&nbsp;\n\t\t\t Autoroute El Algar jusqu&#039;\u00e0 Los Alc\u00e1zares KM 15,5, Murcie - Espagne.\n\t\t<\/li>\n\t\t\n\t\t<li>\n\t\t\t<b>Courrier \u00e9lectronique:<\/b>&nbsp;\n\t\t\tadministracion@gifadi.es\n\t\t<\/li>\n\t\t\n\n\t\t<li>\n\t\t\t<b>Site Web:<\/b>&nbsp;\n\t\t\t<a href=\"https:\/\/gifadi.es\/fr\/\">https:\/\/gifadi.es<\/a>\n\t\t<\/li>\n\t<\/ul>\n<\/p>\n\n<h2>But<\/h2>\n<p>\n\tL&#039;objet du Site Internet est : Distributeur d&#039;Engrais.\t\n<\/p>\n\n\n<h2>Condition d&#039;utilisation<\/h2>\n<p>\n\tL&#039;utilisation du Site vous conf\u00e8re la qualit\u00e9 d&#039;Utilisateur, et implique l&#039;acceptation pleine et enti\u00e8re de toutes les clauses et conditions d&#039;utilisation incluses dans les pages :\n\t<ul>\t\t\n\t\t<li><a href=\"https:\/\/gifadi.es\/fr\/avis-juridique\/\">Avis juridique<\/a><\/li>\n\t\t<li><a href=\"https:\/\/gifadi.es\/fr\/politique-de-confidentialite\/\">Politique de confidentialit\u00e9<\/a><\/li>\n\t\t<li><a href=\"https:\/\/gifadi.es\/fr\/politique-de-cookies\/\">Politique de cookies<\/a><\/li>\n\t<\/ul>\t\n<\/p>\n\n<p>\n\tSi vous n&#039;\u00eates pas d&#039;accord avec chacune de ces clauses et conditions, veuillez vous abstenir d&#039;utiliser le site Web.\n<\/p>\n\n<p>\t\n\tL&#039;acc\u00e8s au Site Web n&#039;implique en aucun cas le d\u00e9but d&#039;une relation commerciale avec le Propri\u00e9taire.\n<\/p>\n\n<p>\t\n\tGr\u00e2ce au Site Web, le Propri\u00e9taire permet d&#039;acc\u00e9der et d&#039;utiliser divers contenus que le Propri\u00e9taire et\/ou ses collaborateurs ont publi\u00e9s via Internet.\n<\/p>\n\n<p>\n\t\u00c0 cette fin, vous \u00eates oblig\u00e9 et engag\u00e9 \u00e0 NE PAS utiliser aucun des contenus du Site Web \u00e0 des fins ou \u00e0 des effets illicites, interdits par les pr\u00e9sentes Mentions L\u00e9gales ou par la l\u00e9gislation en vigueur, pr\u00e9judiciables aux droits et int\u00e9r\u00eats de tiers, ou de quelque mani\u00e8re que ce soit. peut endommager, d\u00e9sactiver, surcharger, d\u00e9t\u00e9riorer ou emp\u00eacher l&#039;utilisation normale du contenu, de l&#039;\u00e9quipement informatique ou des documents, fichiers et tout type de contenu stock\u00e9 sur tout \u00e9quipement informatique appartenant ou sous-trait\u00e9 par le Propri\u00e9taire, d&#039;autres utilisateurs ou tout internaute.\n<\/p>\n\n\n\n\n\n\n<h2>Mesure de s\u00e9curit\u00e9<\/h2>\n<p>\n\tLes donn\u00e9es personnelles fournies au Propri\u00e9taire peuvent \u00eatre stock\u00e9es ou non dans des bases de donn\u00e9es automatis\u00e9es, dont la propri\u00e9t\u00e9 correspond exclusivement au Propri\u00e9taire, qui assume toutes les mesures techniques, organisationnelles et de s\u00e9curit\u00e9 garantissant la confidentialit\u00e9, l&#039;int\u00e9grit\u00e9 et la qualit\u00e9 des informations qui y sont contenues conform\u00e9ment \u00e0. les dispositions de la r\u00e9glementation en vigueur sur la protection des donn\u00e9es.\n<\/p>\n<p>\n\tCependant, vous devez \u00eatre conscient que les mesures de s\u00e9curit\u00e9 des syst\u00e8mes informatiques sur Internet ne sont pas enti\u00e8rement fiables et que, par cons\u00e9quent, le Propri\u00e9taire ne peut garantir l&#039;absence de virus ou d&#039;autres \u00e9l\u00e9ments susceptibles de provoquer des alt\u00e9rations des syst\u00e8mes informatiques (logiciels et mat\u00e9riels) du Utilisateur ou dans ses documents et fichiers \u00e9lectroniques qui y sont contenus, m\u00eame si le Propri\u00e9taire met tous les moyens n\u00e9cessaires et prend les mesures de s\u00e9curit\u00e9 appropri\u00e9es pour \u00e9viter la pr\u00e9sence de ces \u00e9l\u00e9ments nuisibles.\n<\/p>\n\n\n<h2>Traitement des donn\u00e9es personnelles<\/h2>\n<p>\t\n\tVous pouvez consulter toutes les informations li\u00e9es au traitement des donn\u00e9es personnelles collect\u00e9es par le Propri\u00e9taire sur la page  <a href=\"https:\/\/gifadi.es\/fr\/politique-de-confidentialite\/\">Politique de confidentialit\u00e9<\/a>.\n<\/p>\n\n<h2>Contenu<\/h2>\n<p>\n\tLe Propri\u00e9taire a obtenu les informations, contenus multim\u00e9dias et mat\u00e9riels inclus sur le Site Web \u00e0 partir de sources qu&#039;il consid\u00e8re fiables, mais, bien qu&#039;il ait pris toutes les mesures raisonnables pour s&#039;assurer que les informations contenues sont correctes, le Propri\u00e9taire ne garantit pas leur exactitude. , complet ou mis \u00e0 jour. Le Propri\u00e9taire d\u00e9cline express\u00e9ment toute responsabilit\u00e9 en cas d&#039;erreurs ou d&#039;omissions dans les informations contenues dans les pages du Site Internet.\n<\/p>\n\n<p>\n\tIl est interdit de transmettre ou d&#039;envoyer via le Site Web tout contenu ill\u00e9gal ou illicite, virus informatiques ou messages qui, en g\u00e9n\u00e9ral, affectent ou violent les droits du Propri\u00e9taire ou de tiers.\n<\/p>\n\n<p>\n\tLes contenus du Site Internet ont un caract\u00e8re purement informatif et ne doivent en aucun cas \u00eatre utilis\u00e9s ou consid\u00e9r\u00e9s comme une offre de vente, une demande d&#039;offre d&#039;achat ou une recommandation de r\u00e9aliser toute autre op\u00e9ration, sauf indication expresse.\n<\/p>\n\n<p>\n\tLe Propri\u00e9taire se r\u00e9serve le droit de modifier, suspendre, annuler ou restreindre le contenu du Site Web, les liens ou les informations obtenues via le Site Web, sans pr\u00e9avis.\n<\/p>\n\n<p>\n\tLe Propri\u00e9taire n&#039;est pas responsable des dommages pouvant d\u00e9couler de l&#039;utilisation des informations du Site Internet ou de celles contenues dans les r\u00e9seaux sociaux du Propri\u00e9taire.\n<\/p>\n\n\n<h2>Politique de cookies<\/h2>\n<p>\n\tVous pouvez consulter toutes les informations li\u00e9es \u00e0 la politique de collecte et de traitement des cookies sur la page  <a href=\"https:\/\/gifadi.es\/fr\/politique-de-cookies\/\">Politique de cookies<\/a>.\n<\/p>\n\n\n<h2>Liens vers d&#039;autres sites Web<\/h2>\n<p>\n\tLe Propri\u00e9taire peut vous fournir l&#039;acc\u00e8s \u00e0 des sites Web de tiers au moyen de liens dans le but exclusif de vous informer de l&#039;existence d&#039;autres sources d&#039;informations sur Internet dans lesquelles vous pouvez \u00e9largir les donn\u00e9es propos\u00e9es sur le Site Web.\n<\/p>\n\n<p>\t\n\tCes liens vers d&#039;autres sites Web n&#039;impliquent en aucun cas une suggestion ou une recommandation pour que vous visitiez les pages Web de destination, qui \u00e9chappent au contr\u00f4le du Propri\u00e9taire, de sorte que le Propri\u00e9taire n&#039;est pas responsable du contenu des sites Web li\u00e9s ou du r\u00e9sultat que vous obtenez en suivant les liens. De m\u00eame, le Propri\u00e9taire n&#039;est pas responsable des liens situ\u00e9s sur les sites Web li\u00e9s auxquels il donne acc\u00e8s.\n<\/p>\n\n<p>\n\tL&#039;\u00e9tablissement du lien n&#039;implique en aucun cas l&#039;existence de relations entre le Propri\u00e9taire et le propri\u00e9taire du site sur lequel le lien est \u00e9tabli, ni l&#039;acceptation ou l&#039;approbation par le Propri\u00e9taire de ses contenus ou services.\n<\/p>\n\n<p>\t\n\tSi vous acc\u00e9dez \u00e0 un site Web externe \u00e0 partir d&#039;un lien trouv\u00e9 sur le site Web, vous devez lire la propre politique de confidentialit\u00e9 de l&#039;autre site Web, qui peut \u00eatre diff\u00e9rente de celle de ce site Web.\n<\/p>\n\n\n\n<h2>Propri\u00e9t\u00e9 intellectuelle et industrielle<\/h2>\n<p>\n\tTous droits r\u00e9serv\u00e9s.\n<\/p>\n<p>\n\tTout acc\u00e8s \u00e0 ce site Web est soumis aux conditions suivantes : la reproduction, le stockage permanent et la diffusion du contenu ou toute autre utilisation \u00e0 des fins publiques ou commerciales sont express\u00e9ment interdites sans l&#039;accord \u00e9crit pr\u00e9alable expr\u00e8s du Propri\u00e9taire.\n<\/p>\n\n\n<h2>Limitation de responsabilit\u00e9<\/h2>\n<p>\n\tLes informations et services inclus ou disponibles sur le site Web peuvent contenir des inexactitudes ou des erreurs typographiques. Le Propri\u00e9taire int\u00e8gre p\u00e9riodiquement des am\u00e9liorations et\/ou des modifications aux informations contenues et\/ou aux Services qu&#039;il peut introduire \u00e0 tout moment.\n<\/p>\n<p>\n\tLe Propri\u00e9taire ne repr\u00e9sente ni ne garantit que les services ou les contenus seront interrompus ou exempts d&#039;erreurs, que les d\u00e9fauts seront corrig\u00e9s, ou que le service ou le serveur qui le met \u00e0 disposition sont exempts de virus ou d&#039;autres composants nuisibles, sans pr\u00e9judice des fait que Le Propri\u00e9taire met tout en \u0153uvre pour \u00e9viter ce type d&#039;incident.\n<\/p>\n<p>\n\tLe Propri\u00e9taire d\u00e9cline toute responsabilit\u00e9 en cas d&#039;interruptions ou de dysfonctionnements des Services ou contenus propos\u00e9s sur Internet, quelle qu&#039;en soit la cause. De m\u00eame, le Propri\u00e9taire n&#039;est pas responsable des pannes de r\u00e9seau, des pertes commerciales r\u00e9sultant de telles pannes, des suspensions temporaires d&#039;\u00e9lectricit\u00e9 ou de tout autre type de dommage indirect qui pourrait vous \u00eatre caus\u00e9 par des causes ind\u00e9pendantes de la volont\u00e9 du Propri\u00e9taire.\n<\/p>\n<p>\n\tAvant de prendre des d\u00e9cisions et\/ou des actions sur la base des informations incluses sur le site Web, le propri\u00e9taire recommande de v\u00e9rifier et de comparer les informations re\u00e7ues avec d&#039;autres sources.\n<\/p>\n\n\n\n<h2>Juridiction<\/h2>\n<p>\t\n\tCes mentions l\u00e9gales sont enti\u00e8rement r\u00e9gies par la l\u00e9gislation espagnole.\n<\/p>\n\n<p>\n\tTant qu&#039;aucune r\u00e8gle n&#039;exige le contraire, pour toute question pouvant surgir concernant l&#039;interpr\u00e9tation, l&#039;application et le respect du pr\u00e9sent Avis L\u00e9gal, ainsi que pour toute r\u00e9clamation pouvant d\u00e9couler de son utilisation, les parties conviennent de se soumettre aux Juges et Tribunaux de la province de Murcie, avec renonciation expresse \u00e0 toute autre juridiction qui pourrait leur \u00eatre applicable.\n<\/p>\n\n<h2>Contact<\/h2>\n<p>\t\n\tSi vous avez des questions sur cet avis juridique ou souhaitez faire des commentaires sur le site Web, vous pouvez envoyer un message \u00e9lectronique \u00e0 l&#039;adresse : administracion@gifadi.es\n<\/p>","protected":false},"excerpt":{"rendered":"<p>Identification et propri\u00e9t\u00e9 Conform\u00e9ment \u00e0 l&#039;article 10 de la loi 34\/2002 du 11 juillet sur les services de la soci\u00e9t\u00e9 de l&#039;information et du commerce \u00e9lectronique, le propri\u00e9taire expose ses donn\u00e9es d&#039;identification : Propri\u00e9taire : Gifadi Fertilizados SA. NIF : A30729750 Adresse : Carretera el Algar a Los Alc\u00e1zares KM 15,5, Murcia \u2013 Espagne.<\/p>","protected":false},"author":1,"featured_media":0,"parent":0,"menu_order":10,"comment_status":"closed","ping_status":"closed","template":"","meta":{"inline_featured_image":false,"footnotes":""},"class_list":["post-5249","page","type-page","status-publish","hentry"],"yoast_head":"<!-- This site is optimized with the Yoast SEO Premium plugin v21.8 (Yoast SEO v26.4) - https:\/\/yoast.com\/wordpress\/plugins\/seo\/ -->\n<title>Aviso Legal - Gifadi<\/title>\n<meta name=\"robots\" content=\"index, follow, max-snippet:-1, max-image-preview:large, max-video-preview:-1\" \/>\n<link rel=\"canonical\" href=\"https:\/\/gifadi.es\/fr\/avis-juridique\/\" \/>\n<meta property=\"og:locale\" content=\"fr_FR\" \/>\n<meta property=\"og:type\" content=\"article\" \/>\n<meta property=\"og:title\" content=\"Aviso Legal\" \/>\n<meta property=\"og:description\" content=\"Identificaci\u00f3n y Titularidad En cumplimiento del art\u00edculo 10 de la Ley 34\/2002, de 11 de julio, de Servicios de la Sociedad de la Informaci\u00f3n y Comercio Electr\u00f3nico, el Titular expone sus datos identificativos: Titular:&nbsp; Gifadi Fertilizantes S.A.. NIF:&nbsp;A30729750 Domicilio:&nbsp; Carretera el Algar a Los Alc\u00e1zares KM 15,5, Murcia - Espa\u00f1a.\" \/>\n<meta property=\"og:url\" content=\"https:\/\/gifadi.es\/fr\/avis-juridique\/\" \/>\n<meta property=\"og:site_name\" content=\"Gifadi\" \/>\n<meta property=\"article:modified_time\" content=\"2024-05-06T10:40:40+00:00\" \/>\n<meta name=\"twitter:card\" content=\"summary_large_image\" \/>\n<!-- \/ Yoast SEO Premium plugin. -->","yoast_head_json":{"title":"Mentions l\u00e9gales - Gifadi","robots":{"index":"index","follow":"follow","max-snippet":"max-snippet:-1","max-image-preview":"max-image-preview:large","max-video-preview":"max-video-preview:-1"},"canonical":"https:\/\/gifadi.es\/fr\/avis-juridique\/","og_locale":"fr_FR","og_type":"article","og_title":"Aviso Legal","og_description":"Identificaci\u00f3n y Titularidad En cumplimiento del art\u00edculo 10 de la Ley 34\/2002, de 11 de julio, de Servicios de la Sociedad de la Informaci\u00f3n y Comercio Electr\u00f3nico, el Titular expone sus datos identificativos: Titular:&nbsp; Gifadi Fertilizantes S.A.. NIF:&nbsp;A30729750 Domicilio:&nbsp; Carretera el Algar a Los Alc\u00e1zares KM 15,5, Murcia - Espa\u00f1a.","og_url":"https:\/\/gifadi.es\/fr\/avis-juridique\/","og_site_name":"Gifadi","article_modified_time":"2024-05-06T10:40:40+00:00","twitter_card":"summary_large_image","schema":{"@context":"https:\/\/schema.org","@graph":[{"@type":"WebPage","@id":"https:\/\/gifadi.es\/aviso-legal\/","url":"https:\/\/gifadi.es\/aviso-legal\/","name":"Mentions l\u00e9gales - Gifadi","isPartOf":{"@id":"https:\/\/gifadi.es\/#website"},"datePublished":"2024-01-21T16:05:55+00:00","dateModified":"2024-05-06T10:40:40+00:00","breadcrumb":{"@id":"https:\/\/gifadi.es\/aviso-legal\/#breadcrumb"},"inLanguage":"fr-FR","potentialAction":[{"@type":"ReadAction","target":["https:\/\/gifadi.es\/aviso-legal\/"]}]},{"@type":"BreadcrumbList","@id":"https:\/\/gifadi.es\/aviso-legal\/#breadcrumb","itemListElement":[{"@type":"ListItem","position":1,"name":"Portada","item":"https:\/\/gifadi.es\/"},{"@type":"ListItem","position":2,"name":"Aviso Legal"}]},{"@type":"WebSite","@id":"https:\/\/gifadi.es\/#website","url":"https:\/\/gifadi.es\/","name":"Gifadi","description":"Distributeur d&#039;engrais et phytosanitaire","potentialAction":[{"@type":"SearchAction","target":{"@type":"EntryPoint","urlTemplate":"https:\/\/gifadi.es\/?s={search_term_string}"},"query-input":{"@type":"PropertyValueSpecification","valueRequired":true,"valueName":"search_term_string"}}],"inLanguage":"fr-FR"}]}},"_links":{"self":[{"href":"https:\/\/gifadi.es\/fr\/wp-json\/wp\/v2\/pages\/5249","targetHints":{"allow":["GET"]}}],"collection":[{"href":"https:\/\/gifadi.es\/fr\/wp-json\/wp\/v2\/pages"}],"about":[{"href":"https:\/\/gifadi.es\/fr\/wp-json\/wp\/v2\/types\/page"}],"author":[{"embeddable":true,"href":"https:\/\/gifadi.es\/fr\/wp-json\/wp\/v2\/users\/1"}],"replies":[{"embeddable":true,"href":"https:\/\/gifadi.es\/fr\/wp-json\/wp\/v2\/comments?post=5249"}],"version-history":[{"count":0,"href":"https:\/\/gifadi.es\/fr\/wp-json\/wp\/v2\/pages\/5249\/revisions"}],"wp:attachment":[{"href":"https:\/\/gifadi.es\/fr\/wp-json\/wp\/v2\/media?parent=5249"}],"curies":[{"name":"wp","href":"https:\/\/api.w.org\/{rel}","templated":true}]}}