{"id":5251,"date":"2024-01-21T16:05:58","date_gmt":"2024-01-21T16:05:58","guid":{"rendered":"https:\/\/nueva.caesasl.com\/politica-de-cookies\/"},"modified":"2024-05-06T10:40:42","modified_gmt":"2024-05-06T10:40:42","slug":"politica-de-cookies","status":"publish","type":"page","link":"https:\/\/gifadi.es\/fr\/politique-de-cookies\/","title":{"rendered":"Politique de cookies"},"content":{"rendered":"<h2>Que sont les cookies ?<\/h2>\n\n<p>\n\tEn anglais, le terme \u00ab cookie \u00bb signifie cookie, mais dans le domaine de la navigation web, un \u00ab cookie \u00bb est quelque chose de compl\u00e8tement diff\u00e9rent. Lorsque vous acc\u00e9dez \u00e0 notre site Web, une petite quantit\u00e9 de texte appel\u00e9e \u00ab cookie \u00bb est stock\u00e9e dans le navigateur de votre appareil. Ce texte contient diverses informations sur votre navigation, vos habitudes, vos pr\u00e9f\u00e9rences, les personnalisations de contenus, etc...\n<\/p>\n\n<p>\n\tIl existe d&#039;autres technologies qui fonctionnent de mani\u00e8re similaire et sont \u00e9galement utilis\u00e9es pour collecter des donn\u00e9es sur votre activit\u00e9 de navigation. Nous appellerons ensemble ces technologies \u00ab cookies \u00bb.\n<\/p>\n\n<p>\n\tLes utilisations sp\u00e9cifiques que nous faisons de ces technologies sont d\u00e9crites dans ce document.\n<\/p>\n\n<h2>A quoi servent les cookies sur ce site ?<\/h2>\n\n<p>\n\tLes cookies constituent un \u00e9l\u00e9ment essentiel du fonctionnement du site Web. L&#039;objectif principal de nos cookies est d&#039;am\u00e9liorer votre exp\u00e9rience de navigation. Par exemple, pour m\u00e9moriser vos pr\u00e9f\u00e9rences (langue, pays, etc.) lors de la navigation et lors de visites futures. Les informations collect\u00e9es dans les cookies nous permettent \u00e9galement d&#039;am\u00e9liorer le site Internet, de l&#039;adapter \u00e0 vos int\u00e9r\u00eats en tant qu&#039;utilisateur, d&#039;acc\u00e9l\u00e9rer les recherches que vous effectuez, etc.\n<\/p>\n\n<p>\n\tDans certains cas, si nous avons obtenu votre consentement pr\u00e9alable et \u00e9clair\u00e9, nous pouvons utiliser des cookies \u00e0 d&#039;autres fins, par exemple pour obtenir des informations nous permettant de vous montrer des publicit\u00e9s bas\u00e9es sur l&#039;analyse de vos habitudes de navigation.\n<\/p>\n\n<h2>\u00c0 quoi servent les cookies NON utilis\u00e9s sur ce site Web ?<\/h2>\n\n<p>\n\tLes cookies que nous utilisons ne stockent pas d&#039;informations d&#039;identification personnelles sensibles telles que votre nom, votre adresse, votre mot de passe, etc.\n<\/p>\n\n<h2>Qui utilise les informations stock\u00e9es dans les cookies ?<\/h2>\n\n<p>\n\tLes informations stock\u00e9es dans les cookies de notre site Web sont utilis\u00e9es exclusivement par nous, \u00e0 l&#039;exception de ceux identifi\u00e9s ci-dessous comme \u00ab cookies tiers \u00bb, qui sont utilis\u00e9s et g\u00e9r\u00e9s par des entit\u00e9s externes qui nous fournissent des services qui am\u00e9liorent l&#039;exp\u00e9rience utilisateur. Par exemple, les statistiques collect\u00e9es sur le nombre de visites, les contenus les plus appr\u00e9ci\u00e9s, etc. sont g\u00e9n\u00e9ralement g\u00e9r\u00e9es par Google Analytics.\n<\/p>\n\n\n\n<h2>Comment pouvez-vous emp\u00eacher l&#039;utilisation de cookies sur ce site Web ?<\/h2>\n\n<p>\n\tSi vous pr\u00e9f\u00e9rez \u00e9viter l&#039;utilisation de cookies, vous pouvez REFUSER leur utilisation ou vous pouvez CONFIGURER ceux que vous souhaitez \u00e9viter et ceux que vous autorisez \u00e0 utiliser (dans ce document, nous vous donnons des informations d\u00e9taill\u00e9es sur chaque type de cookie, sa finalit\u00e9, destinataire, temporalit\u00e9, etc.. ).\n<\/p>\n\n<p>\n\tSi vous les avez accept\u00e9s, nous ne vous le demanderons plus sauf si vous supprimez les cookies de votre appareil comme indiqu\u00e9 dans la section ci-dessous. Si vous souhaitez r\u00e9voquer votre consentement, vous devrez supprimer les cookies et les configurer \u00e0 nouveau.\n<\/p>\n\n\n<h2>Comment d\u00e9sactiver et \u00e9liminer l&#039;utilisation de cookies ?<\/h2>\n\n\n\n<p>\n\tPour restreindre, bloquer ou supprimer les cookies de ce site Web (et ceux utilis\u00e9s par des tiers), vous pouvez le faire \u00e0 tout moment en modifiant les param\u00e8tres de votre navigateur. Veuillez noter que ces param\u00e8tres sont diff\u00e9rents dans chaque navigateur.\n<\/p>\n\n<p> \n  Dans les liens suivants, vous trouverez des instructions pour activer ou d\u00e9sactiver les cookies dans les navigateurs les plus courants.\n<\/p>\n\n<p>\n  <ul>\n    <li><a rel=\"nofollow\" target=\"_blank\" href=\"http:\/\/support.mozilla.org\/es\/kb\/habilitar-y-deshabilitar-cookies-que-los-sitios-we\">Firefox<\/a><\/li>\n    <li><a target=\"_blank\" rel=\"noopener noreferrer nofollow\" href=\"https:\/\/support.google.com\/chrome\/answer\/95647?hl=es\">Google Chrome<\/a><\/li>\n    <li><a target=\"_blank\" rel=\"noopener noreferrer nofollow\" href='https:\/\/support.microsoft.com\/es-es\/help\/17442\/windows-internet-explorer-delete-manage-cookies#ie=\"ie-10'>Internet Explorer<\/a><\/li>\n    <li><a target=\"_blank\" rel=\"noopener noreferrer nofollow\" href='https:\/\/support.microsoft.com\/es-es\/help\/4468242\/microsoft-edge-browsing-data-and-privacy'>Microsoft Bord<\/a><\/li>\n    <li><a rel=\"nofollow\" target=\"_blank\" href=\"http:\/\/support.apple.com\/kb\/HT1677?viewlocale=es_ES\">Safari<\/a><\/li>\n  <\/ul>\n<\/p>\n\n\n<h2>Quels types de cookies sont utilis\u00e9s sur ce site Web ?<\/h2>\n\n<p>\n\tChaque site Web utilise ses propres cookies. Sur notre site Web, nous utilisons les \u00e9l\u00e9ments suivants\u00a0:\n<\/p>\n\n<p>\n\t<b>SELON L&#039;ENTIT\u00c9 QUI LE G\u00c8RE<\/b>\n<\/p>\n\n<p>\n\t<b>Propres cookies\u00a0:<\/b>\n<\/p>\n\n<p>\n\tIl s&#039;agit de ceux qui sont envoy\u00e9s \u00e0 l&#039;\u00e9quipement terminal de l&#039;Utilisateur depuis un ordinateur ou un domaine g\u00e9r\u00e9 par l&#039;\u00e9diteur lui-m\u00eame et \u00e0 partir duquel est fourni le service demand\u00e9 par l&#039;Utilisateur.\n<\/p>\n\n<p>\n\t<b>Cookies tiers :<\/b>\n<\/p>\n\n<p>\n\tIl s&#039;agit de ceux qui sont envoy\u00e9s \u00e0 l&#039;\u00e9quipement terminal de l&#039;Utilisateur depuis un ordinateur ou un domaine qui n&#039;est pas g\u00e9r\u00e9 par l&#039;\u00e9diteur, mais par une autre entit\u00e9 qui traite les donn\u00e9es obtenues via les cookies.\n<\/p>\n\n<p>\n\tDans le cas o\u00f9 les cookies sont servis \u00e0 partir d&#039;un ordinateur ou d&#039;un domaine g\u00e9r\u00e9 par l&#039;\u00e9diteur lui-m\u00eame, mais que les informations collect\u00e9es par leur interm\u00e9diaire sont g\u00e9r\u00e9es par un tiers, ils ne peuvent pas \u00eatre consid\u00e9r\u00e9s comme ses propres cookies si le tiers les utilise \u00e0 ses propres fins. . (par exemple, l&#039;am\u00e9lioration des services fournis ou la fourniture de services publicitaires en faveur d&#039;autres entit\u00e9s).\n<\/p>\n\n<p>\n\t<b>SELON SON OBJECTIF<\/b>\n<\/p>\n\n<p>\n\t<b>Cookies techniques :<\/b>\n<\/p>\n\n<p>\n\tIl s&#039;agit de celles n\u00e9cessaires \u00e0 la navigation et au bon fonctionnement de notre Site Internet, telles que le contr\u00f4le du trafic et de la communication des donn\u00e9es, l&#039;identification de la session, l&#039;acc\u00e8s aux parties \u00e0 acc\u00e8s restreint, la demande d&#039;inscription ou de participation \u00e0 un \u00e9v\u00e9nement, le comptage des visites aux fins de facturation des licences. pour le logiciel avec lequel fonctionne le service du Site Web, utiliser des \u00e9l\u00e9ments de s\u00e9curit\u00e9 lors de la navigation, stocker du contenu pour la diffusion de vid\u00e9os ou de sons, activer du contenu dynamique (par exemple, charger une animation d&#039;un texte ou d&#039;une image) ou partager du contenu via les r\u00e9seaux sociaux.\n<\/p>\n\n<p>\n\t<b>Cookies d&#039;analyse :<\/b>\n<\/p>\n\n<p>\n\tIls permettent de quantifier le nombre d&#039;utilisateurs et ainsi de r\u00e9aliser la mesure et l&#039;analyse statistique de l&#039;utilisation faite par les utilisateurs du Site Internet. \n<\/p>\n\n<p>\n\t<b>Cookies de pr\u00e9f\u00e9rence ou de personnalisation :<\/b>\n<\/p>\n\n<p>\n\tCe sont ceux qui permettent \u00e0 l&#039;Utilisateur de m\u00e9moriser des informations afin que l&#039;Utilisateur puisse acc\u00e9der au service avec certaines caract\u00e9ristiques qui peuvent diff\u00e9rencier son exp\u00e9rience de celle des autres utilisateurs, comme, par exemple, la langue, le nombre de r\u00e9sultats \u00e0 afficher lorsque le L&#039;utilisateur effectue une recherche, l&#039;apparence ou le contenu du service en fonction du type de navigateur par lequel l&#039;utilisateur acc\u00e8de au service ou de la r\u00e9gion \u00e0 partir de laquelle l&#039;utilisateur acc\u00e8de au service, etc.\n<\/p>\n\n\n\n<p>\n\t<b>SELON LA P\u00c9RIODE DE TEMPS, ILS RESTENT ACTIV\u00c9S<\/b>\n<\/p>\n\n<p>\n\t<b>Cookies de session\u00a0:<\/b>\n<\/p>\n\n<p>\n\tCe sont ceux con\u00e7us pour collecter et stocker des donn\u00e9es lorsque l&#039;utilisateur acc\u00e8de \u00e0 une page Web.\n<\/p>\n\n<p>\n\tIls sont g\u00e9n\u00e9ralement utilis\u00e9s pour stocker des informations qu&#039;il est int\u00e9ressant de conserver uniquement pour la fourniture du service demand\u00e9 par l&#039;Utilisateur en une seule fois (par exemple, une liste de produits achet\u00e9s) et qui disparaissent \u00e0 la fin de la session.\n<\/p>\n\n<p>\n\t<b>Cookies persistants\u00a0:<\/b>\n<\/p>\n\n<p>\n\tCe sont ceux dans lesquels les donn\u00e9es sont encore stock\u00e9es dans le terminal et peuvent \u00eatre consult\u00e9es et trait\u00e9es pendant une dur\u00e9e d\u00e9finie par le responsable du cookie, qui peut aller de quelques minutes \u00e0 plusieurs ann\u00e9es. \u00c0 cet \u00e9gard, il convient d&#039;\u00e9valuer sp\u00e9cifiquement si l&#039;utilisation de cookies persistants est n\u00e9cessaire, car les risques pour la vie priv\u00e9e pourraient \u00eatre r\u00e9duits par l&#039;utilisation de cookies de session. En tout \u00e9tat de cause, lorsque des cookies persistants sont install\u00e9s, il est recommand\u00e9 de r\u00e9duire leur dur\u00e9e temporaire au minimum n\u00e9cessaire compte tenu de la finalit\u00e9 de leur utilisation. \u00c0 ces fins, l&#039;avis 4\/2012 du WG29 a indiqu\u00e9 que pour qu&#039;un cookie soit exempt\u00e9 de l&#039;obligation de consentement \u00e9clair\u00e9, son expiration doit \u00eatre li\u00e9e \u00e0 sa finalit\u00e9. Pour cette raison, les cookies de session sont beaucoup plus susceptibles d&#039;\u00eatre consid\u00e9r\u00e9s comme exclus que les cookies persistants.\n<\/p>\n\n\n<p>\n\t<b>D\u00e9tails des cookies utilis\u00e9s sur ce site Web :<\/b>\n<\/p>\n\n<div>\n  <ul><br \/>\r\n \t<li><strong>mailpoet_page_view<\/strong><\/li><br \/>\r\n \t<li><strong>mailpoet_abonn\u00e9<\/strong><\/li><br \/>\r\n \t<li><strong>wordpress_test_cookie<\/strong><br \/>\r\nCookie d\u00e9fini par WordPress pour v\u00e9rifier si les cookies sont activ\u00e9s sur le navigateur afin de fournir une exp\u00e9rience utilisateur appropri\u00e9e aux utilisateurs<br \/>\r\nCat\u00e9gorie : Fonctionnel.<br \/>\r\nDur\u00e9e : s\u00e9ance.<br \/>\r\nPolitique de confidentialit\u00e9: <a href=\"\/fr\/N\/A\/\">N \/ A<\/a><\/li><br \/>\r\n \t<li><strong>wp_lang<\/strong><\/li><br \/>\r\n<\/ul>\n<\/div>","protected":false},"excerpt":{"rendered":"<p>Que sont les cookies ? En anglais, le terme \u00ab cookie \u00bb signifie cookie, mais dans le domaine de la navigation web, un \u00ab cookie \u00bb est quelque chose de compl\u00e8tement diff\u00e9rent. Lorsque vous acc\u00e9dez \u00e0 notre site Web, une petite quantit\u00e9 de texte appel\u00e9e \u00ab cookie \u00bb est stock\u00e9e dans le navigateur de votre appareil. Ce texte<\/p>","protected":false},"author":1,"featured_media":0,"parent":0,"menu_order":12,"comment_status":"closed","ping_status":"closed","template":"","meta":{"inline_featured_image":false,"footnotes":""},"class_list":["post-5251","page","type-page","status-publish","hentry"],"yoast_head":"<!-- This site is optimized with the Yoast SEO Premium plugin v21.8 (Yoast SEO v26.4) - https:\/\/yoast.com\/wordpress\/plugins\/seo\/ -->\n<title>Pol\u00edtica de Cookies - Gifadi<\/title>\n<meta name=\"robots\" content=\"index, follow, max-snippet:-1, max-image-preview:large, max-video-preview:-1\" \/>\n<link rel=\"canonical\" href=\"https:\/\/gifadi.es\/fr\/politique-de-cookies\/\" \/>\n<meta property=\"og:locale\" content=\"fr_FR\" \/>\n<meta property=\"og:type\" content=\"article\" \/>\n<meta property=\"og:title\" content=\"Pol\u00edtica de Cookies\" \/>\n<meta property=\"og:description\" content=\"\u00bfQu\u00e9 son las cookies? En ingl\u00e9s, el t\u00e9rmino &quot;cookie&quot; significa galleta, pero en el \u00e1mbito de la navegaci\u00f3n web, una &quot;cookie&quot; es algo completamente distinto. Cuando accede a nuestro Sitio Web, en el navegador de su dispositivo se almacena una peque\u00f1a cantidad de texto que se denomina &quot;cookie&quot;. Este texto\" \/>\n<meta property=\"og:url\" content=\"https:\/\/gifadi.es\/fr\/politique-de-cookies\/\" \/>\n<meta property=\"og:site_name\" content=\"Gifadi\" \/>\n<meta property=\"article:modified_time\" content=\"2024-05-06T10:40:42+00:00\" \/>\n<meta name=\"twitter:card\" content=\"summary_large_image\" \/>\n<!-- \/ Yoast SEO Premium plugin. -->","yoast_head_json":{"title":"Politique de cookies - Gifadi","robots":{"index":"index","follow":"follow","max-snippet":"max-snippet:-1","max-image-preview":"max-image-preview:large","max-video-preview":"max-video-preview:-1"},"canonical":"https:\/\/gifadi.es\/fr\/politique-de-cookies\/","og_locale":"fr_FR","og_type":"article","og_title":"Pol\u00edtica de Cookies","og_description":"\u00bfQu\u00e9 son las cookies? En ingl\u00e9s, el t\u00e9rmino &quot;cookie&quot; significa galleta, pero en el \u00e1mbito de la navegaci\u00f3n web, una &quot;cookie&quot; es algo completamente distinto. Cuando accede a nuestro Sitio Web, en el navegador de su dispositivo se almacena una peque\u00f1a cantidad de texto que se denomina &quot;cookie&quot;. Este texto","og_url":"https:\/\/gifadi.es\/fr\/politique-de-cookies\/","og_site_name":"Gifadi","article_modified_time":"2024-05-06T10:40:42+00:00","twitter_card":"summary_large_image","schema":{"@context":"https:\/\/schema.org","@graph":[{"@type":"WebPage","@id":"https:\/\/gifadi.es\/politica-de-cookies\/","url":"https:\/\/gifadi.es\/politica-de-cookies\/","name":"Politique de cookies - Gifadi","isPartOf":{"@id":"https:\/\/gifadi.es\/#website"},"datePublished":"2024-01-21T16:05:58+00:00","dateModified":"2024-05-06T10:40:42+00:00","breadcrumb":{"@id":"https:\/\/gifadi.es\/politica-de-cookies\/#breadcrumb"},"inLanguage":"fr-FR","potentialAction":[{"@type":"ReadAction","target":["https:\/\/gifadi.es\/politica-de-cookies\/"]}]},{"@type":"BreadcrumbList","@id":"https:\/\/gifadi.es\/politica-de-cookies\/#breadcrumb","itemListElement":[{"@type":"ListItem","position":1,"name":"Portada","item":"https:\/\/gifadi.es\/"},{"@type":"ListItem","position":2,"name":"Pol\u00edtica de Cookies"}]},{"@type":"WebSite","@id":"https:\/\/gifadi.es\/#website","url":"https:\/\/gifadi.es\/","name":"Gifadi","description":"Distributeur d&#039;engrais et phytosanitaire","potentialAction":[{"@type":"SearchAction","target":{"@type":"EntryPoint","urlTemplate":"https:\/\/gifadi.es\/?s={search_term_string}"},"query-input":{"@type":"PropertyValueSpecification","valueRequired":true,"valueName":"search_term_string"}}],"inLanguage":"fr-FR"}]}},"_links":{"self":[{"href":"https:\/\/gifadi.es\/fr\/wp-json\/wp\/v2\/pages\/5251","targetHints":{"allow":["GET"]}}],"collection":[{"href":"https:\/\/gifadi.es\/fr\/wp-json\/wp\/v2\/pages"}],"about":[{"href":"https:\/\/gifadi.es\/fr\/wp-json\/wp\/v2\/types\/page"}],"author":[{"embeddable":true,"href":"https:\/\/gifadi.es\/fr\/wp-json\/wp\/v2\/users\/1"}],"replies":[{"embeddable":true,"href":"https:\/\/gifadi.es\/fr\/wp-json\/wp\/v2\/comments?post=5251"}],"version-history":[{"count":0,"href":"https:\/\/gifadi.es\/fr\/wp-json\/wp\/v2\/pages\/5251\/revisions"}],"wp:attachment":[{"href":"https:\/\/gifadi.es\/fr\/wp-json\/wp\/v2\/media?parent=5251"}],"curies":[{"name":"wp","href":"https:\/\/api.w.org\/{rel}","templated":true}]}}