{"id":5249,"date":"2024-01-21T16:05:55","date_gmt":"2024-01-21T16:05:55","guid":{"rendered":"https:\/\/nueva.caesasl.com\/aviso-legal\/"},"modified":"2024-05-06T10:40:40","modified_gmt":"2024-05-06T10:40:40","slug":"aviso-legal","status":"publish","type":"page","link":"https:\/\/gifadi.es\/pt\/aviso-legal\/","title":{"rendered":"Aviso Legal"},"content":{"rendered":"<h2>Identifica\u00e7\u00e3o e Propriedade<\/h2>\n\n<p>\n\t\tEm cumprimento do artigo 10 da Lei 34\/2002, de 11 de julho, de Servi\u00e7os da Sociedade da Informa\u00e7\u00e3o e Com\u00e9rcio Eletr\u00f3nico, o Propriet\u00e1rio exp\u00f5e os seus dados identificativos:\n<\/p>\n\n<p>\n\t<ul>\t\t\n\t\t<li>\n\t\t\t<b>T\u00edtulo:<\/b>&nbsp;\t\t\n\t\t\tGifadi Fertilizantes SA.\n\t\t\t\n\t\t<\/li>\n\t\t\n\t\t<li>\n\t\t\t<b>NIF:<\/b>&nbsp;A30729750\n\t\t\t\n\t\t<\/li>\n\n\n\t\t<li>\n\t\t\t<b>Lar:<\/b>&nbsp;\n\t\t\t Rodovia El Algar a Los Alc\u00e1zares KM 15,5, M\u00farcia - Espanha.\n\t\t<\/li>\n\t\t\n\t\t<li>\n\t\t\t<b>Correio eletr\u00f4nico:<\/b>&nbsp;\n\t\t\tadministra\u00e7\u00e3o@gifadi.es\n\t\t<\/li>\n\t\t\n\n\t\t<li>\n\t\t\t<b>Site web:<\/b>&nbsp;\n\t\t\t<a href=\"https:\/\/gifadi.es\/pt\/\">https:\/\/gifadi.es<\/a>\n\t\t<\/li>\n\t<\/ul>\n<\/p>\n\n<h2>Prop\u00f3sito<\/h2>\n<p>\n\tO objetivo do Site \u00e9: Distribuidor de Fertilizantes.\t\n<\/p>\n\n\n<h2>Condi\u00e7\u00f5es de uso<\/h2>\n<p>\n\tA utiliza\u00e7\u00e3o do Site confere-lhe o estatuto de Utilizador, e implica a aceita\u00e7\u00e3o integral de todas as cl\u00e1usulas e condi\u00e7\u00f5es de utiliza\u00e7\u00e3o inclu\u00eddas nas p\u00e1ginas:\n\t<ul>\t\t\n\t\t<li><a href=\"https:\/\/gifadi.es\/pt\/aviso-legal\/\">Aviso Legal<\/a><\/li>\n\t\t<li><a href=\"https:\/\/gifadi.es\/pt\/politica-de-privacidade\/\">Pol\u00edtica de privacidade<\/a><\/li>\n\t\t<li><a href=\"https:\/\/gifadi.es\/pt\/politica-de-cookies\/\">Pol\u00edtica de cookies<\/a><\/li>\n\t<\/ul>\t\n<\/p>\n\n<p>\n\tCaso n\u00e3o concorde com cada uma destas cl\u00e1usulas e condi\u00e7\u00f5es, por favor, evite utilizar o Site.\n<\/p>\n\n<p>\t\n\tO acesso ao Site n\u00e3o implica, de forma alguma, o in\u00edcio de uma rela\u00e7\u00e3o comercial com o Propriet\u00e1rio.\n<\/p>\n\n<p>\t\n\tAtrav\u00e9s do Site, o Propriet\u00e1rio proporciona acesso e utiliza\u00e7\u00e3o de diversos conte\u00fados que o Propriet\u00e1rio e\/ou seus colaboradores publicaram atrav\u00e9s da Internet.\n<\/p>\n\n<p>\n\tPara este efeito, est\u00e1 obrigado e compromete-se a N\u00c3O utilizar nenhum conte\u00fado do Site para fins ou efeitos il\u00edcitos, proibidos neste Aviso Legal ou pela legisla\u00e7\u00e3o em vigor, lesivos dos direitos e interesses de terceiros, ou que de qualquer forma pode danificar, inutilizar, sobrecarregar, deteriorar ou impedir a utiliza\u00e7\u00e3o normal dos conte\u00fados, equipamentos inform\u00e1ticos ou documentos, ficheiros e todo o tipo de conte\u00fados armazenados em qualquer equipamento inform\u00e1tico propriedade ou contratado pelo Propriet\u00e1rio, outros utilizadores ou qualquer utilizador da Internet.\n<\/p>\n\n\n\n\n\n\n<h2>Medidas de seguran\u00e7a<\/h2>\n<p>\n\tOs dados pessoais fornecidos ao Propriet\u00e1rio podem ser armazenados em bases de dados automatizadas ou n\u00e3o, cuja titularidade corresponde exclusivamente ao Propriet\u00e1rio, que assume todas as medidas t\u00e9cnicas, organizacionais e de seguran\u00e7a que garantem a confidencialidade, integridade e qualidade da informa\u00e7\u00e3o nelas contida. as disposi\u00e7\u00f5es dos regulamentos atuais de prote\u00e7\u00e3o de dados.\n<\/p>\n<p>\n\tNo entanto, voc\u00ea deve estar ciente de que as medidas de seguran\u00e7a dos sistemas inform\u00e1ticos na Internet n\u00e3o s\u00e3o totalmente confi\u00e1veis e que, portanto, o Propriet\u00e1rio n\u00e3o pode garantir a aus\u00eancia de v\u00edrus ou outros elementos que possam causar altera\u00e7\u00f5es nos sistemas inform\u00e1ticos (software e hardware) do Utilizador ou nos seus documentos eletr\u00f3nicos e ficheiros neles contidos, embora o Propriet\u00e1rio coloque todos os meios necess\u00e1rios e tome as medidas de seguran\u00e7a adequadas para evitar a presen\u00e7a destes elementos nocivos.\n<\/p>\n\n\n<h2>Tratamento de Dados Pessoais<\/h2>\n<p>\t\n\tPoder\u00e1 consultar toda a informa\u00e7\u00e3o relativa ao tratamento dos dados pessoais recolhidos pelo Propriet\u00e1rio na p\u00e1gina  <a href=\"https:\/\/gifadi.es\/pt\/politica-de-privacidade\/\">Pol\u00edtica de privacidade<\/a>.\n<\/p>\n\n<h2>Conte\u00fado<\/h2>\n<p>\n\tO Propriet\u00e1rio obteve as informa\u00e7\u00f5es, conte\u00fados multim\u00eddia e materiais inclu\u00eddos no Site de fontes que considera confi\u00e1veis, mas, embora tenha tomado todas as medidas razo\u00e1veis para garantir que a informa\u00e7\u00e3o contida seja correta, o Propriet\u00e1rio n\u00e3o garante que seja exata. , completo ou atualizado. O Propriet\u00e1rio declina expressamente qualquer responsabilidade por erros ou omiss\u00f5es nas informa\u00e7\u00f5es contidas nas p\u00e1ginas do Site.\n<\/p>\n\n<p>\n\t\u00c9 proibido transmitir ou enviar atrav\u00e9s do Site qualquer conte\u00fado ilegal ou il\u00edcito, v\u00edrus inform\u00e1ticos ou mensagens que, em geral, afetem ou violem os direitos do Propriet\u00e1rio ou de terceiros.\n<\/p>\n\n<p>\n\tOs conte\u00fados do Site t\u00eam car\u00e1ter meramente informativo e em nenhum caso devem ser utilizados ou considerados como uma oferta de venda, um pedido de oferta de compra ou uma recomenda\u00e7\u00e3o para realizar qualquer outra opera\u00e7\u00e3o, salvo indica\u00e7\u00e3o expressa.\n<\/p>\n\n<p>\n\tO Propriet\u00e1rio reserva-se o direito de modificar, suspender, cancelar ou restringir o conte\u00fado do Site, os links ou as informa\u00e7\u00f5es obtidas atrav\u00e9s do Site, sem aviso pr\u00e9vio.\n<\/p>\n\n<p>\n\tO Propriet\u00e1rio n\u00e3o se responsabiliza por quaisquer danos que possam surgir da utiliza\u00e7\u00e3o das informa\u00e7\u00f5es do Site ou contidas nas redes sociais do Propriet\u00e1rio.\n<\/p>\n\n\n<h2>Pol\u00edtica de cookies<\/h2>\n<p>\n\tPoder\u00e1 consultar toda a informa\u00e7\u00e3o relativa \u00e0 pol\u00edtica de recolha e tratamento de cookies na p\u00e1gina  <a href=\"https:\/\/gifadi.es\/pt\/politica-de-cookies\/\">Pol\u00edtica de cookies<\/a>.\n<\/p>\n\n\n<h2>Links para outros sites<\/h2>\n<p>\n\tO Propriet\u00e1rio poder\u00e1 fornecer-lhe acesso a sites de terceiros atrav\u00e9s de links com a finalidade exclusiva de informar sobre a exist\u00eancia de outras fontes de informa\u00e7\u00e3o na Internet nas quais voc\u00ea possa ampliar os dados oferecidos no Site.\n<\/p>\n\n<p>\t\n\tEsses links para outros sites n\u00e3o implicam em nenhum caso uma sugest\u00e3o ou recomenda\u00e7\u00e3o para que voc\u00ea visite as p\u00e1ginas de destino, que est\u00e3o al\u00e9m do controle do Propriet\u00e1rio, portanto o Propriet\u00e1rio n\u00e3o \u00e9 respons\u00e1vel pelo conte\u00fado dos sites vinculados ou pelo resultado que voc\u00ea obtenha seguindo os links. Da mesma forma, o Propriet\u00e1rio n\u00e3o \u00e9 respons\u00e1vel pelos links localizados nos sites vinculados aos quais fornece acesso.\n<\/p>\n\n<p>\n\tO estabelecimento do link n\u00e3o implica em nenhum caso a exist\u00eancia de rela\u00e7\u00f5es entre o Propriet\u00e1rio e o propriet\u00e1rio do site onde o link \u00e9 estabelecido, nem a aceita\u00e7\u00e3o ou aprova\u00e7\u00e3o por parte do Propriet\u00e1rio dos seus conte\u00fados ou servi\u00e7os.\n<\/p>\n\n<p>\t\n\tSe voc\u00ea acessar um site externo a partir de um link encontrado no Site, dever\u00e1 ler a pol\u00edtica de privacidade do pr\u00f3prio outro site, que pode ser diferente da deste Site.\n<\/p>\n\n\n\n<h2>Propriedade intelectual e industrial<\/h2>\n<p>\n\tTodos os direitos reservados.\n<\/p>\n<p>\n\tTodo o acesso a este Site est\u00e1 sujeito \u00e0s seguintes condi\u00e7\u00f5es: a reprodu\u00e7\u00e3o, armazenamento permanente e divulga\u00e7\u00e3o dos conte\u00fados ou qualquer outro uso para fins p\u00fablicos ou comerciais \u00e9 expressamente proibida sem o consentimento pr\u00e9vio e expresso por escrito do Propriet\u00e1rio.\n<\/p>\n\n\n<h2>Limita\u00e7\u00e3o de responsabilidade<\/h2>\n<p>\n\tAs informa\u00e7\u00f5es e servi\u00e7os inclu\u00eddos ou dispon\u00edveis atrav\u00e9s do Site podem incluir imprecis\u00f5es ou erros tipogr\u00e1ficos. O Propriet\u00e1rio incorpora periodicamente melhorias e\/ou altera\u00e7\u00f5es nas informa\u00e7\u00f5es contidas e\/ou nos Servi\u00e7os que possa introduzir a qualquer momento.\n<\/p>\n<p>\n\tO Propriet\u00e1rio n\u00e3o representa nem garante que os servi\u00e7os ou conte\u00fados ser\u00e3o interrompidos ou isentos de erros, que os defeitos ser\u00e3o corrigidos, ou que o servi\u00e7o ou o servidor que o disponibiliza est\u00e3o livres de v\u00edrus ou outros componentes prejudiciais, sem preju\u00edzo da fato de que o Propriet\u00e1rio faz todos os esfor\u00e7os para evitar este tipo de incidente.\n<\/p>\n<p>\n\tO Propriet\u00e1rio declina qualquer responsabilidade em caso de interrup\u00e7\u00f5es ou mau funcionamento dos Servi\u00e7os ou conte\u00fados oferecidos na Internet, seja qual for a causa. Da mesma forma, o Propriet\u00e1rio n\u00e3o \u00e9 respons\u00e1vel por interrup\u00e7\u00f5es na rede, perdas comerciais como resultado de tais interrup\u00e7\u00f5es, suspens\u00f5es tempor\u00e1rias de energia el\u00e9trica ou qualquer outro tipo de dano indireto que possa ser causado a voc\u00ea por causas fora do controle do Propriet\u00e1rio.\n<\/p>\n<p>\n\tAntes de tomar decis\u00f5es e\/ou a\u00e7\u00f5es com base nas informa\u00e7\u00f5es inclu\u00eddas no Site, o Propriet\u00e1rio recomenda verificar e comparar as informa\u00e7\u00f5es recebidas com outras fontes.\n<\/p>\n\n\n\n<h2>Jurisdi\u00e7\u00e3o<\/h2>\n<p>\t\n\tEste Aviso Legal rege-se integralmente pela legisla\u00e7\u00e3o espanhola.\n<\/p>\n\n<p>\n\tEnquanto n\u00e3o houver norma que exija o contr\u00e1rio, para quaisquer d\u00favidas que possam surgir relativas \u00e0 interpreta\u00e7\u00e3o, aplica\u00e7\u00e3o e cumprimento deste Aviso Legal, bem como quaisquer reclama\u00e7\u00f5es que possam surgir da sua utiliza\u00e7\u00e3o, as partes concordam em submeter-se aos Ju\u00edzes e Tribunais da prov\u00edncia de M\u00farcia, com ren\u00fancia expressa a qualquer outro foro que lhes possa ser aplic\u00e1vel.\n<\/p>\n\n<h2>Contato<\/h2>\n<p>\t\n\tSe tiver alguma d\u00favida sobre este Aviso Legal ou quiser fazer algum coment\u00e1rio sobre o Site, pode enviar uma mensagem de e-mail para o endere\u00e7o: administracion@gifadi.es\n<\/p>","protected":false},"excerpt":{"rendered":"<p>Identifica\u00e7\u00e3o e Propriedade Em cumprimento do artigo 10 da Lei 34\/2002, de 11 de julho, de Servi\u00e7os da Sociedade da Informa\u00e7\u00e3o e Com\u00e9rcio Eletr\u00f3nico, o Propriet\u00e1rio exp\u00f5e os seus dados identificativos: Propriet\u00e1rio: Gifadi Fertilizados SA. NIF: A30729750 Endere\u00e7o: Carretera el Algar a Los Alc\u00e1zares KM 15.5, M\u00farcia \u2013 Espanha.<\/p>","protected":false},"author":1,"featured_media":0,"parent":0,"menu_order":10,"comment_status":"closed","ping_status":"closed","template":"","meta":{"inline_featured_image":false,"footnotes":""},"class_list":["post-5249","page","type-page","status-publish","hentry"],"yoast_head":"<!-- This site is optimized with the Yoast SEO Premium plugin v21.8 (Yoast SEO v26.4) - https:\/\/yoast.com\/wordpress\/plugins\/seo\/ -->\n<title>Aviso Legal - Gifadi<\/title>\n<meta name=\"robots\" content=\"index, follow, max-snippet:-1, max-image-preview:large, max-video-preview:-1\" \/>\n<link rel=\"canonical\" href=\"https:\/\/gifadi.es\/pt\/aviso-legal\/\" \/>\n<meta property=\"og:locale\" content=\"pt_PT\" \/>\n<meta property=\"og:type\" content=\"article\" \/>\n<meta property=\"og:title\" content=\"Aviso Legal\" \/>\n<meta property=\"og:description\" content=\"Identificaci\u00f3n y Titularidad En cumplimiento del art\u00edculo 10 de la Ley 34\/2002, de 11 de julio, de Servicios de la Sociedad de la Informaci\u00f3n y Comercio Electr\u00f3nico, el Titular expone sus datos identificativos: Titular:&nbsp; Gifadi Fertilizantes S.A.. NIF:&nbsp;A30729750 Domicilio:&nbsp; Carretera el Algar a Los Alc\u00e1zares KM 15,5, Murcia - Espa\u00f1a.\" \/>\n<meta property=\"og:url\" content=\"https:\/\/gifadi.es\/pt\/aviso-legal\/\" \/>\n<meta property=\"og:site_name\" content=\"Gifadi\" \/>\n<meta property=\"article:modified_time\" content=\"2024-05-06T10:40:40+00:00\" \/>\n<meta name=\"twitter:card\" content=\"summary_large_image\" \/>\n<!-- \/ Yoast SEO Premium plugin. -->","yoast_head_json":{"title":"Aviso Legal - Gifadi","robots":{"index":"index","follow":"follow","max-snippet":"max-snippet:-1","max-image-preview":"max-image-preview:large","max-video-preview":"max-video-preview:-1"},"canonical":"https:\/\/gifadi.es\/pt\/aviso-legal\/","og_locale":"pt_PT","og_type":"article","og_title":"Aviso Legal","og_description":"Identificaci\u00f3n y Titularidad En cumplimiento del art\u00edculo 10 de la Ley 34\/2002, de 11 de julio, de Servicios de la Sociedad de la Informaci\u00f3n y Comercio Electr\u00f3nico, el Titular expone sus datos identificativos: Titular:&nbsp; Gifadi Fertilizantes S.A.. NIF:&nbsp;A30729750 Domicilio:&nbsp; Carretera el Algar a Los Alc\u00e1zares KM 15,5, Murcia - Espa\u00f1a.","og_url":"https:\/\/gifadi.es\/pt\/aviso-legal\/","og_site_name":"Gifadi","article_modified_time":"2024-05-06T10:40:40+00:00","twitter_card":"summary_large_image","schema":{"@context":"https:\/\/schema.org","@graph":[{"@type":"WebPage","@id":"https:\/\/gifadi.es\/aviso-legal\/","url":"https:\/\/gifadi.es\/aviso-legal\/","name":"Aviso Legal - Gifadi","isPartOf":{"@id":"https:\/\/gifadi.es\/#website"},"datePublished":"2024-01-21T16:05:55+00:00","dateModified":"2024-05-06T10:40:40+00:00","breadcrumb":{"@id":"https:\/\/gifadi.es\/aviso-legal\/#breadcrumb"},"inLanguage":"pt-PT","potentialAction":[{"@type":"ReadAction","target":["https:\/\/gifadi.es\/aviso-legal\/"]}]},{"@type":"BreadcrumbList","@id":"https:\/\/gifadi.es\/aviso-legal\/#breadcrumb","itemListElement":[{"@type":"ListItem","position":1,"name":"Portada","item":"https:\/\/gifadi.es\/"},{"@type":"ListItem","position":2,"name":"Aviso Legal"}]},{"@type":"WebSite","@id":"https:\/\/gifadi.es\/#website","url":"https:\/\/gifadi.es\/","name":"Gifadi","description":"Distribuidor de fertilizantes e fitossanit\u00e1rios","potentialAction":[{"@type":"SearchAction","target":{"@type":"EntryPoint","urlTemplate":"https:\/\/gifadi.es\/?s={search_term_string}"},"query-input":{"@type":"PropertyValueSpecification","valueRequired":true,"valueName":"search_term_string"}}],"inLanguage":"pt-PT"}]}},"_links":{"self":[{"href":"https:\/\/gifadi.es\/pt\/wp-json\/wp\/v2\/pages\/5249","targetHints":{"allow":["GET"]}}],"collection":[{"href":"https:\/\/gifadi.es\/pt\/wp-json\/wp\/v2\/pages"}],"about":[{"href":"https:\/\/gifadi.es\/pt\/wp-json\/wp\/v2\/types\/page"}],"author":[{"embeddable":true,"href":"https:\/\/gifadi.es\/pt\/wp-json\/wp\/v2\/users\/1"}],"replies":[{"embeddable":true,"href":"https:\/\/gifadi.es\/pt\/wp-json\/wp\/v2\/comments?post=5249"}],"version-history":[{"count":0,"href":"https:\/\/gifadi.es\/pt\/wp-json\/wp\/v2\/pages\/5249\/revisions"}],"wp:attachment":[{"href":"https:\/\/gifadi.es\/pt\/wp-json\/wp\/v2\/media?parent=5249"}],"curies":[{"name":"wp","href":"https:\/\/api.w.org\/{rel}","templated":true}]}}