{"id":5251,"date":"2024-01-21T16:05:58","date_gmt":"2024-01-21T16:05:58","guid":{"rendered":"https:\/\/nueva.caesasl.com\/politica-de-cookies\/"},"modified":"2024-05-06T10:40:42","modified_gmt":"2024-05-06T10:40:42","slug":"politica-de-cookies","status":"publish","type":"page","link":"https:\/\/gifadi.es\/pt\/politica-de-cookies\/","title":{"rendered":"Pol\u00edtica de cookies"},"content":{"rendered":"<h2>O que s\u00e3o biscoitos?<\/h2>\n\n<p>\n\tEm ingl\u00eas, o termo \u201ccookie\u201d significa cookie, mas no campo da navega\u00e7\u00e3o na web, \u201ccookie\u201d \u00e9 algo completamente diferente. Quando voc\u00ea acessa nosso Site, uma pequena quantidade de texto chamada \u201ccookie\u201d \u00e9 armazenada no navegador do seu dispositivo. Este texto cont\u00e9m diversas informa\u00e7\u00f5es sobre sua navega\u00e7\u00e3o, h\u00e1bitos, prefer\u00eancias, personaliza\u00e7\u00f5es de conte\u00fado, etc...\n<\/p>\n\n<p>\n\tExistem outras tecnologias que funcionam de forma semelhante e tamb\u00e9m s\u00e3o utilizadas para coletar dados sobre sua atividade de navega\u00e7\u00e3o. Chamaremos todas essas tecnologias de \u201ccookies\u201d.\n<\/p>\n\n<p>\n\tOs usos espec\u00edficos que fazemos dessas tecnologias est\u00e3o descritos neste documento.\n<\/p>\n\n<h2>Para que s\u00e3o utilizados os cookies neste site?<\/h2>\n\n<p>\n\tOs cookies s\u00e3o uma parte essencial do funcionamento do Site. O principal objetivo dos nossos cookies \u00e9 melhorar a sua experi\u00eancia de navega\u00e7\u00e3o. Por exemplo, para lembrar as suas prefer\u00eancias (idioma, pa\u00eds, etc.) durante a navega\u00e7\u00e3o e em visitas futuras. A informa\u00e7\u00e3o recolhida nos cookies permite-nos tamb\u00e9m melhorar o site, adapt\u00e1-lo aos seus interesses como utilizador, agilizar as pesquisas que realiza, etc.\n<\/p>\n\n<p>\n\tEm determinados casos, caso tenhamos obtido o seu consentimento pr\u00e9vio e informado, poderemos utilizar cookies para outros fins, como para obter informa\u00e7\u00f5es que nos permitam mostrar-lhe publicidade com base na an\u00e1lise dos seus h\u00e1bitos de navega\u00e7\u00e3o.\n<\/p>\n\n<h2>Para que N\u00c3O s\u00e3o utilizados cookies neste site?<\/h2>\n\n<p>\n\tOs cookies que utilizamos n\u00e3o armazenam informa\u00e7\u00f5es sens\u00edveis de identifica\u00e7\u00e3o pessoal, como o seu nome, endere\u00e7o, senha, etc.\n<\/p>\n\n<h2>Quem utiliza as informa\u00e7\u00f5es armazenadas nos cookies?<\/h2>\n\n<p>\n\tA informa\u00e7\u00e3o armazenada nos cookies do nosso Site \u00e9 utilizada exclusivamente por n\u00f3s, com exce\u00e7\u00e3o daqueles abaixo identificados como \u201ccookies de terceiros\u201d, que s\u00e3o utilizados e geridos por entidades externas que nos prestam servi\u00e7os que melhoram a experi\u00eancia do utilizador. Por exemplo, as estat\u00edsticas recolhidas sobre o n\u00famero de visitas, os conte\u00fados mais apreciados, etc. s\u00e3o normalmente geridas pelo Google Analytics.\n<\/p>\n\n\n\n<h2>Como voc\u00ea pode evitar o uso de cookies neste Site?<\/h2>\n\n<p>\n\tSe preferir evitar a utiliza\u00e7\u00e3o de cookies, pode REJEITAR a sua utiliza\u00e7\u00e3o ou pode CONFIGURAR os que pretende evitar e os que permite utilizar (neste documento damos-lhe informa\u00e7\u00f5es alargadas sobre cada tipo de cookie, a sua finalidade, destinat\u00e1rio, temporalidade, etc..).\n<\/p>\n\n<p>\n\tSe voc\u00ea os aceitou, n\u00e3o solicitaremos novamente, a menos que voc\u00ea exclua os cookies do seu dispositivo, conforme indicado na se\u00e7\u00e3o abaixo. Se quiser revogar o consentimento ter\u00e1 que apagar os cookies e configur\u00e1-los novamente.\n<\/p>\n\n\n<h2>Como posso desativar e eliminar a utiliza\u00e7\u00e3o de cookies?<\/h2>\n\n\n\n<p>\n\tPara restringir, bloquear ou eliminar cookies deste Site (e dos utilizados por terceiros) poder\u00e1 faz\u00ea-lo, a qualquer momento, modificando as configura\u00e7\u00f5es do seu navegador. Observe que essas configura\u00e7\u00f5es s\u00e3o diferentes em cada navegador.\n<\/p>\n\n<p> \n  Nos links seguintes encontrar\u00e1 instru\u00e7\u00f5es para ativar ou desativar cookies nos navegadores mais comuns.\n<\/p>\n\n<p>\n  <ul>\n    <li><a rel=\"nofollow\" target=\"_blank\" href=\"http:\/\/support.mozilla.org\/es\/kb\/habilitar-y-deshabilitar-cookies-que-los-sitios-we\">Raposa de fogo<\/a><\/li>\n    <li><a target=\"_blank\" rel=\"noopener noreferrer nofollow\" href=\"https:\/\/support.google.com\/chrome\/answer\/95647?hl=es\">Google Chrome<\/a><\/li>\n    <li><a target=\"_blank\" rel=\"noopener noreferrer nofollow\" href='https:\/\/support.microsoft.com\/es-es\/help\/17442\/windows-internet-explorer-delete-manage-cookies#ie=\"ie-10'>Internet Explorer<\/a><\/li>\n    <li><a target=\"_blank\" rel=\"noopener noreferrer nofollow\" href='https:\/\/support.microsoft.com\/es-es\/help\/4468242\/microsoft-edge-browsing-data-and-privacy'>Microsoft borda<\/a><\/li>\n    <li><a rel=\"nofollow\" target=\"_blank\" href=\"http:\/\/support.apple.com\/kb\/HT1677?viewlocale=es_ES\">Saf\u00e1ri<\/a><\/li>\n  <\/ul>\n<\/p>\n\n\n<h2>Que tipos de cookies s\u00e3o utilizados neste site?<\/h2>\n\n<p>\n\tCada site usa seus pr\u00f3prios cookies. Em nosso site usamos o seguinte:\n<\/p>\n\n<p>\n\t<b>DE ACORDO COM A ENTIDADE QUE O GEST\u00c3O<\/b>\n<\/p>\n\n<p>\n\t<b>Cookies pr\u00f3prios:<\/b>\n<\/p>\n\n<p>\n\tS\u00e3o aqueles que s\u00e3o enviados ao equipamento terminal do Usu\u00e1rio desde um computador ou dom\u00ednio gerenciado pelo pr\u00f3prio editor e a partir do qual \u00e9 prestado o servi\u00e7o solicitado pelo Usu\u00e1rio.\n<\/p>\n\n<p>\n\t<b>Cookies de terceiros:<\/b>\n<\/p>\n\n<p>\n\tS\u00e3o aqueles que s\u00e3o enviados ao equipamento terminal do Utilizador a partir de um computador ou dom\u00ednio que n\u00e3o \u00e9 gerido pelo editor, mas por outra entidade que processa os dados obtidos atrav\u00e9s dos cookies.\n<\/p>\n\n<p>\n\tCaso os cookies sejam servidos a partir de um computador ou dom\u00ednio gerido pelo pr\u00f3prio editor, mas a informa\u00e7\u00e3o recolhida atrav\u00e9s deles seja gerida por um terceiro, n\u00e3o poder\u00e3o ser considerados como cookies pr\u00f3prios se o terceiro os utilizar para os seus pr\u00f3prios fins. . (por exemplo, a melhoria dos servi\u00e7os prestados ou a presta\u00e7\u00e3o de servi\u00e7os publicit\u00e1rios a favor de outras entidades).\n<\/p>\n\n<p>\n\t<b>DE ACORDO COM SEU OBJETIVO<\/b>\n<\/p>\n\n<p>\n\t<b>Cookies t\u00e9cnicos:<\/b>\n<\/p>\n\n<p>\n\tS\u00e3o aqueles necess\u00e1rios \u00e0 navega\u00e7\u00e3o e ao bom funcionamento do nosso Site, como controlar o tr\u00e1fego e a comunica\u00e7\u00e3o de dados, identificar a sess\u00e3o, aceder a partes de acesso restrito, efetuar um pedido de inscri\u00e7\u00e3o ou participa\u00e7\u00e3o num evento, contabilizar visitas para efeitos de fatura\u00e7\u00e3o de licen\u00e7as para o software com o qual funciona o servi\u00e7o do Site, utilizar elementos de seguran\u00e7a durante a navega\u00e7\u00e3o, armazenar conte\u00fados para divulga\u00e7\u00e3o de v\u00eddeos ou som, permitir conte\u00fados din\u00e2micos (por exemplo, carregar anima\u00e7\u00e3o de um texto ou imagem) ou partilhar conte\u00fados atrav\u00e9s de redes sociais.\n<\/p>\n\n<p>\n\t<b>Cookies de an\u00e1lise:<\/b>\n<\/p>\n\n<p>\n\tPermitem quantificar o n\u00famero de utilizadores e assim realizar a medi\u00e7\u00e3o e an\u00e1lise estat\u00edstica da utiliza\u00e7\u00e3o que os utilizadores fazem do Site. \n<\/p>\n\n<p>\n\t<b>Cookies de prefer\u00eancia ou personaliza\u00e7\u00e3o:<\/b>\n<\/p>\n\n<p>\n\tS\u00e3o aqueles que permitem ao Usu\u00e1rio lembrar informa\u00e7\u00f5es para que possa acessar o servi\u00e7o com determinadas caracter\u00edsticas que podem diferenciar sua experi\u00eancia da de outros usu\u00e1rios, como, por exemplo, o idioma, a quantidade de resultados a serem mostrados quando o O Usu\u00e1rio realiza uma pesquisa, a apar\u00eancia ou o conte\u00fado do servi\u00e7o dependendo do tipo de navegador atrav\u00e9s do qual o Usu\u00e1rio acessa o servi\u00e7o ou da regi\u00e3o a partir da qual o Usu\u00e1rio acessa o servi\u00e7o, etc.\n<\/p>\n\n\n\n<p>\n\t<b>DE ACORDO COM O PER\u00cdODO DE TEMPO QUE PERMANECEM ATIVADOS<\/b>\n<\/p>\n\n<p>\n\t<b>Cookies de sess\u00e3o:<\/b>\n<\/p>\n\n<p>\n\tS\u00e3o aqueles destinados a coletar e armazenar dados enquanto o Usu\u00e1rio acessa uma p\u00e1gina web.\n<\/p>\n\n<p>\n\tNormalmente s\u00e3o utilizados para armazenar informa\u00e7\u00e3o que s\u00f3 interessa guardar para a presta\u00e7\u00e3o do servi\u00e7o solicitado pelo Utilizador numa \u00fanica ocasi\u00e3o (por exemplo, uma lista de produtos adquiridos) e desaparecem quando termina a sess\u00e3o.\n<\/p>\n\n<p>\n\t<b>Cookies persistentes:<\/b>\n<\/p>\n\n<p>\n\tS\u00e3o aqueles em que os dados ainda ficam armazenados no terminal e podem ser acessados e processados durante um per\u00edodo definido pelo respons\u00e1vel pelo cookie, que pode variar de alguns minutos a v\u00e1rios anos. A este respeito, deve ser avaliado especificamente se a utiliza\u00e7\u00e3o de cookies persistentes \u00e9 necess\u00e1ria, uma vez que os riscos para a privacidade poderiam ser reduzidos pela utiliza\u00e7\u00e3o de cookies de sess\u00e3o. Em qualquer caso, quando s\u00e3o instalados cookies persistentes, recomenda-se reduzir a sua dura\u00e7\u00e3o tempor\u00e1ria ao m\u00ednimo necess\u00e1rio tendo em conta a finalidade da sua utiliza\u00e7\u00e3o. Para estes efeitos, o Parecer 4\/2012 do WG29 indicou que para que um cookie esteja isento do dever de consentimento informado, a sua expira\u00e7\u00e3o deve estar relacionada com a sua finalidade. Por causa disso, os cookies de sess\u00e3o t\u00eam muito mais probabilidade de serem considerados isentos do que os cookies persistentes.\n<\/p>\n\n\n<p>\n\t<b>Detalhes dos cookies utilizados neste site:<\/b>\n<\/p>\n\n<div>\n  <ul><br \/>\r\n \t<li><strong>mailpoet_page_view<\/strong><\/li><br \/>\r\n \t<li><strong>mailpoet_subscriber<\/strong><\/li><br \/>\r\n \t<li><strong>wordpress_test_cookie<\/strong><br \/>\r\nCookie definido pelo WordPress para verificar se os cookies est\u00e3o habilitados no navegador para fornecer uma experi\u00eancia de usu\u00e1rio adequada aos usu\u00e1rios<br \/>\r\nCategoria: Funcional.<br \/>\r\nDura\u00e7\u00e3o: sess\u00e3o.<br \/>\r\nPol\u00edtica de privacidade: <a href=\"\/pt\/N\/A\/\">N \/ D<\/a><\/li><br \/>\r\n \t<li><strong>wp_lang<\/strong><\/li><br \/>\r\n<\/ul>\n<\/div>","protected":false},"excerpt":{"rendered":"<p>O que s\u00e3o biscoitos? Em ingl\u00eas, o termo \u201ccookie\u201d significa cookie, mas no campo da navega\u00e7\u00e3o na web, \u201ccookie\u201d \u00e9 algo completamente diferente. Quando voc\u00ea acessa nosso Site, uma pequena quantidade de texto chamada \u201ccookie\u201d \u00e9 armazenada no navegador do seu dispositivo. Esse texto<\/p>","protected":false},"author":1,"featured_media":0,"parent":0,"menu_order":12,"comment_status":"closed","ping_status":"closed","template":"","meta":{"inline_featured_image":false,"footnotes":""},"class_list":["post-5251","page","type-page","status-publish","hentry"],"yoast_head":"<!-- This site is optimized with the Yoast SEO Premium plugin v21.8 (Yoast SEO v26.4) - https:\/\/yoast.com\/wordpress\/plugins\/seo\/ -->\n<title>Pol\u00edtica de Cookies - Gifadi<\/title>\n<meta name=\"robots\" content=\"index, follow, max-snippet:-1, max-image-preview:large, max-video-preview:-1\" \/>\n<link rel=\"canonical\" href=\"https:\/\/gifadi.es\/pt\/politica-de-cookies\/\" \/>\n<meta property=\"og:locale\" content=\"pt_PT\" \/>\n<meta property=\"og:type\" content=\"article\" \/>\n<meta property=\"og:title\" content=\"Pol\u00edtica de Cookies\" \/>\n<meta property=\"og:description\" content=\"\u00bfQu\u00e9 son las cookies? En ingl\u00e9s, el t\u00e9rmino &quot;cookie&quot; significa galleta, pero en el \u00e1mbito de la navegaci\u00f3n web, una &quot;cookie&quot; es algo completamente distinto. Cuando accede a nuestro Sitio Web, en el navegador de su dispositivo se almacena una peque\u00f1a cantidad de texto que se denomina &quot;cookie&quot;. Este texto\" \/>\n<meta property=\"og:url\" content=\"https:\/\/gifadi.es\/pt\/politica-de-cookies\/\" \/>\n<meta property=\"og:site_name\" content=\"Gifadi\" \/>\n<meta property=\"article:modified_time\" content=\"2024-05-06T10:40:42+00:00\" \/>\n<meta name=\"twitter:card\" content=\"summary_large_image\" \/>\n<!-- \/ Yoast SEO Premium plugin. -->","yoast_head_json":{"title":"Pol\u00edtica de Cookies - Gifadi","robots":{"index":"index","follow":"follow","max-snippet":"max-snippet:-1","max-image-preview":"max-image-preview:large","max-video-preview":"max-video-preview:-1"},"canonical":"https:\/\/gifadi.es\/pt\/politica-de-cookies\/","og_locale":"pt_PT","og_type":"article","og_title":"Pol\u00edtica de Cookies","og_description":"\u00bfQu\u00e9 son las cookies? En ingl\u00e9s, el t\u00e9rmino &quot;cookie&quot; significa galleta, pero en el \u00e1mbito de la navegaci\u00f3n web, una &quot;cookie&quot; es algo completamente distinto. Cuando accede a nuestro Sitio Web, en el navegador de su dispositivo se almacena una peque\u00f1a cantidad de texto que se denomina &quot;cookie&quot;. Este texto","og_url":"https:\/\/gifadi.es\/pt\/politica-de-cookies\/","og_site_name":"Gifadi","article_modified_time":"2024-05-06T10:40:42+00:00","twitter_card":"summary_large_image","schema":{"@context":"https:\/\/schema.org","@graph":[{"@type":"WebPage","@id":"https:\/\/gifadi.es\/politica-de-cookies\/","url":"https:\/\/gifadi.es\/politica-de-cookies\/","name":"Pol\u00edtica de Cookies - Gifadi","isPartOf":{"@id":"https:\/\/gifadi.es\/#website"},"datePublished":"2024-01-21T16:05:58+00:00","dateModified":"2024-05-06T10:40:42+00:00","breadcrumb":{"@id":"https:\/\/gifadi.es\/politica-de-cookies\/#breadcrumb"},"inLanguage":"pt-PT","potentialAction":[{"@type":"ReadAction","target":["https:\/\/gifadi.es\/politica-de-cookies\/"]}]},{"@type":"BreadcrumbList","@id":"https:\/\/gifadi.es\/politica-de-cookies\/#breadcrumb","itemListElement":[{"@type":"ListItem","position":1,"name":"Portada","item":"https:\/\/gifadi.es\/"},{"@type":"ListItem","position":2,"name":"Pol\u00edtica de Cookies"}]},{"@type":"WebSite","@id":"https:\/\/gifadi.es\/#website","url":"https:\/\/gifadi.es\/","name":"Gifadi","description":"Distribuidor de fertilizantes e fitossanit\u00e1rios","potentialAction":[{"@type":"SearchAction","target":{"@type":"EntryPoint","urlTemplate":"https:\/\/gifadi.es\/?s={search_term_string}"},"query-input":{"@type":"PropertyValueSpecification","valueRequired":true,"valueName":"search_term_string"}}],"inLanguage":"pt-PT"}]}},"_links":{"self":[{"href":"https:\/\/gifadi.es\/pt\/wp-json\/wp\/v2\/pages\/5251","targetHints":{"allow":["GET"]}}],"collection":[{"href":"https:\/\/gifadi.es\/pt\/wp-json\/wp\/v2\/pages"}],"about":[{"href":"https:\/\/gifadi.es\/pt\/wp-json\/wp\/v2\/types\/page"}],"author":[{"embeddable":true,"href":"https:\/\/gifadi.es\/pt\/wp-json\/wp\/v2\/users\/1"}],"replies":[{"embeddable":true,"href":"https:\/\/gifadi.es\/pt\/wp-json\/wp\/v2\/comments?post=5251"}],"version-history":[{"count":0,"href":"https:\/\/gifadi.es\/pt\/wp-json\/wp\/v2\/pages\/5251\/revisions"}],"wp:attachment":[{"href":"https:\/\/gifadi.es\/pt\/wp-json\/wp\/v2\/media?parent=5251"}],"curies":[{"name":"wp","href":"https:\/\/api.w.org\/{rel}","templated":true}]}}